{"id":966,"date":"2024-08-07T11:04:51","date_gmt":"2024-08-07T09:04:51","guid":{"rendered":"https:\/\/dev.absolute-magnitude.com\/?post_type=product&#038;p=966"},"modified":"2025-11-04T10:53:40","modified_gmt":"2025-11-04T09:53:40","slug":"mono-brosses","status":"publish","type":"product","link":"https:\/\/absolute-magnitude.com\/en\/product\/mono-brosses\/","title":{"rendered":"Mono rotary brushes"},"content":{"rendered":"<div class=\"fusion-fullwidth fullwidth-box fusion-builder-row-1 fusion-flex-container nonhundred-percent-fullwidth non-hundred-percent-height-scrolling\" style=\"--awb-border-radius-top-left:0px;--awb-border-radius-top-right:0px;--awb-border-radius-bottom-right:0px;--awb-border-radius-bottom-left:0px;--awb-flex-wrap:wrap;\" ><div class=\"fusion-builder-row fusion-row fusion-flex-align-items-flex-start fusion-flex-content-wrap\" style=\"max-width:1248px;margin-left: calc(-4% \/ 2 );margin-right: calc(-4% \/ 2 );\"><div class=\"fusion-layout-column fusion_builder_column fusion-builder-column-0 fusion_builder_column_1_1 1_1 fusion-flex-column\" style=\"--awb-bg-size:cover;--awb-width-large:100%;--awb-margin-top-large:0px;--awb-spacing-right-large:1.92%;--awb-margin-bottom-large:0px;--awb-spacing-left-large:1.92%;--awb-width-medium:100%;--awb-spacing-right-medium:1.92%;--awb-spacing-left-medium:1.92%;--awb-width-small:100%;--awb-spacing-right-small:1.92%;--awb-spacing-left-small:1.92%;\"><div class=\"fusion-column-wrapper fusion-flex-justify-content-flex-start fusion-content-layout-column\"><div class=\"fusion-text fusion-text-1\"><div class=\"elementor-column elementor-col-25 elementor-top-column elementor-element elementor-element-194a97c\" data-id=\"194a97c\" data-element_type=\"column\">\n<div class=\"elementor-column-wrap elementor-element-populated\">\n<div class=\"elementor-widget-wrap\">\n<div class=\"elementor-element elementor-element-0b7a4bc elementor-widget elementor-widget-heading\" data-id=\"0b7a4bc\" data-element_type=\"widget\" data-widget_type=\"heading.default\">\n<div class=\"elementor-widget-container\">\n<div class=\"elementor-column elementor-col-25 elementor-top-column elementor-element elementor-element-194a97c\" data-id=\"194a97c\" data-element_type=\"column\">\n<div class=\"elementor-column-wrap elementor-element-populated\">\n<div class=\"elementor-widget-wrap\">\n<div class=\"elementor-element elementor-element-e99e20c elementor-widget elementor-widget-heading\" data-id=\"e99e20c\" data-element_type=\"widget\" data-widget_type=\"heading.default\">\n<div class=\"elementor-widget-container\">\n<h3><b>Power scrubber<\/b><\/h3>\n<p><span style=\"font-weight: 400;\">The Power Scrubber is a single-brush unit for thorough cleaning of surfaces such as teak decks, non-slip surfaces and synthetic decks.<br \/>\nAlso ideal for z<\/span>The only limit is your imagination!<\/p>\n<p><b><i>Specification<\/i><\/b><\/p>\n<ul>\n<li style=\"font-weight: 400;\" aria-level=\"1\"><span style=\"font-weight: 400;\">High-torque motor: suitable for 360 rpm <\/span><\/li>\n<li style=\"font-weight: 400;\" aria-level=\"1\"><span style=\"font-weight: 400;\">Machine weight less than 2 kg (4.4 lb)\u00a0<\/span><\/li>\n<li style=\"font-weight: 400;\" aria-level=\"1\"><span style=\"font-weight: 400;\">For use above and below the waterline\u00a0<\/span><\/li>\n<li style=\"font-weight: 400;\" aria-level=\"1\"><span style=\"font-weight: 400;\">Quick-change brushes\u00a0<\/span><\/li>\n<li style=\"font-weight: 400;\" aria-level=\"1\"><span style=\"font-weight: 400;\">Battery-powered: 4-hour runtime, 8-hour charge time\u00a0<\/span><\/li>\n<li style=\"font-weight: 400;\" aria-level=\"1\"><span style=\"font-weight: 400;\">Adjustable telescopic handle<\/span><\/li>\n<li>Battery: 12 Volt, waterproof acid gel, 2.2 kg<\/li>\n<li>Central brush width: 18 cm<\/li>\n<\/ul>\n<\/div>\n<p><strong>Standard kit includes:<\/strong> scrubbing brush, handle, battery with harness and cord, medium brush, pad holder, microfibre pad and 3 pads.<\/p>\n<div class=\"elementor-widget-container\">\n<h3><\/h3>\n<h3><b>Numatic NLL332<\/b><\/h3>\n<p><span style=\"font-weight: 400;\">This single brush has been designed for floor cleaning and is particularly effective for maintaining boat decks made of non-slip or exotic wood (teak, iroko, etc.).<\/span><\/p>\n<p><span style=\"font-weight: 400;\">What's more, all functions are controlled from the tiller, including height adjustment and integrated safety handles.\u00a0<\/span><\/p>\n<p><span style=\"font-weight: 400;\">The 8L tank makes it easy to soak the surface and mix the cleaning product\/water directly on the surface to be cleaned. Convenient filling thanks to an extendable hose.<\/span><\/p>\n<p><span style=\"font-weight: 400;\">The practical control handle on the NLL332 NUMATIC compact single-brush unit folds away (FLEX system). As a result, the single-brush unit is only 19cm high, making it ideal for storage.<\/span><\/p>\n<p><b><i>Specification<\/i><\/b><\/p>\n<ul>\n<li>Supply voltage: 230V AC 50Hz<\/li>\n<li>Cable: 15m<\/li>\n<li>Weight: 18 kgs<\/li>\n<li>Dimensions: 1145x330x540 mm<\/li>\n<li>Speed: 200 rpm<\/li>\n<li>Brush motor: 400 W<\/li>\n<li>Brush diameter: 330 mm<\/li>\n<li>Disc diameter: 330 mm<\/li>\n<\/ul>\n<p><span style=\"font-weight: 400;\">Contact us for more information or a quote!\u00a0<\/span><\/p>\n<\/div>\n<\/div>\n<\/div>\n<\/div>\n<\/div>\n<\/div>\n<\/div>\n<\/div>\n<\/div>\n<\/div>\n<\/div><\/div><\/div><\/div><\/div>","protected":false},"excerpt":{"rendered":"<div class=\"elementor-element elementor-element-5256c03 elementor-position-top elementor-vertical-align-top elementor-widget elementor-widget-image-box\" data-id=\"5256c03\" data-element_type=\"widget\" data-widget_type=\"image-box.default\">\n<div class=\"elementor-widget-container\">\n<div class=\"elementor-image-box-wrapper\">\n<div class=\"elementor-image-box-content\">\n<p class=\"elementor-image-box-description\">Bridge scrubber-drier<\/p>\n<\/div>\n<\/div>\n<\/div>\n<\/div>\n<div class=\"elementor-element elementor-element-9548684 elementor-align-center elementor-widget elementor-widget-button\" data-id=\"9548684\" data-element_type=\"widget\" data-widget_type=\"button.default\">\n<div class=\"elementor-widget-container\">\n<div class=\"elementor-button-wrapper\"><\/div>\n<\/div>\n<\/div>","protected":false},"featured_media":2080,"comment_status":"closed","ping_status":"closed","template":"","meta":{"inline_featured_image":false},"product_brand":[],"product_cat":[33],"product_tag":[],"class_list":{"0":"post-966","1":"product","2":"type-product","3":"status-publish","4":"has-post-thumbnail","6":"product_cat-produit-tech","8":"first","9":"onbackorder","10":"taxable","11":"shipping-taxable","12":"purchasable","13":"product-type-variable"},"yoast_head":"<!-- This site is optimized with the Yoast SEO plugin v26.9 - https:\/\/yoast.com\/product\/yoast-seo-wordpress\/ -->\n<title>Mono brosses rotatives - Absolute magnitude<\/title>\n<meta name=\"description\" content=\"Mono brosses rotatives, id\u00e9ales pour le nettoyage des sols et plus particuli\u00e8rement du teck &amp; autres surfaces bois\u00e9es. Petit ou grand format..\" \/>\n<meta name=\"robots\" content=\"noindex, follow\" \/>\n<meta property=\"og:locale\" content=\"en_GB\" \/>\n<meta property=\"og:type\" content=\"article\" \/>\n<meta property=\"og:title\" content=\"Mono brosses rotatives - Absolute magnitude\" \/>\n<meta property=\"og:description\" content=\"Mono brosses rotatives, id\u00e9ales pour le nettoyage des sols et plus particuli\u00e8rement du teck &amp; autres surfaces bois\u00e9es. Petit ou grand format..\" \/>\n<meta property=\"og:url\" content=\"https:\/\/absolute-magnitude.com\/en\/product\/mono-brosses\/\" \/>\n<meta property=\"og:site_name\" content=\"Absolute magnitude\" \/>\n<meta property=\"article:modified_time\" content=\"2025-11-04T09:53:40+00:00\" \/>\n<meta property=\"og:image\" content=\"https:\/\/absolute-magnitude.com\/wp-content\/uploads\/2024\/11\/Insta.png\" \/>\n\t<meta property=\"og:image:width\" content=\"1080\" \/>\n\t<meta property=\"og:image:height\" content=\"1080\" \/>\n\t<meta property=\"og:image:type\" content=\"image\/png\" \/>\n<meta name=\"twitter:card\" content=\"summary_large_image\" \/>\n<meta name=\"twitter:label1\" content=\"Estimated reading time\" \/>\n\t<meta name=\"twitter:data1\" content=\"2 minutes\" \/>\n<script type=\"application\/ld+json\" class=\"yoast-schema-graph\">{\"@context\":\"https:\/\/schema.org\",\"@graph\":[{\"@type\":\"WebPage\",\"@id\":\"https:\/\/absolute-magnitude.com\/produit\/mono-brosses\/\",\"url\":\"https:\/\/absolute-magnitude.com\/produit\/mono-brosses\/\",\"name\":\"Mono brosses rotatives - Absolute magnitude\",\"isPartOf\":{\"@id\":\"https:\/\/absolute-magnitude.com\/#website\"},\"primaryImageOfPage\":{\"@id\":\"https:\/\/absolute-magnitude.com\/produit\/mono-brosses\/#primaryimage\"},\"image\":{\"@id\":\"https:\/\/absolute-magnitude.com\/produit\/mono-brosses\/#primaryimage\"},\"thumbnailUrl\":\"https:\/\/absolute-magnitude.com\/wp-content\/uploads\/2024\/11\/Insta.png\",\"datePublished\":\"2024-08-07T09:04:51+00:00\",\"dateModified\":\"2025-11-04T09:53:40+00:00\",\"description\":\"Mono brosses rotatives, id\u00e9ales pour le nettoyage des sols et plus particuli\u00e8rement du teck & autres surfaces bois\u00e9es. Petit ou grand format..\",\"breadcrumb\":{\"@id\":\"https:\/\/absolute-magnitude.com\/produit\/mono-brosses\/#breadcrumb\"},\"inLanguage\":\"en-GB\",\"potentialAction\":[{\"@type\":\"ReadAction\",\"target\":[\"https:\/\/absolute-magnitude.com\/produit\/mono-brosses\/\"]}]},{\"@type\":\"ImageObject\",\"inLanguage\":\"en-GB\",\"@id\":\"https:\/\/absolute-magnitude.com\/produit\/mono-brosses\/#primaryimage\",\"url\":\"https:\/\/absolute-magnitude.com\/wp-content\/uploads\/2024\/11\/Insta.png\",\"contentUrl\":\"https:\/\/absolute-magnitude.com\/wp-content\/uploads\/2024\/11\/Insta.png\",\"width\":1080,\"height\":1080,\"caption\":\"Mono-brosses-rotatives\"},{\"@type\":\"BreadcrumbList\",\"@id\":\"https:\/\/absolute-magnitude.com\/produit\/mono-brosses\/#breadcrumb\",\"itemListElement\":[{\"@type\":\"ListItem\",\"position\":1,\"name\":\"Accueil\",\"item\":\"https:\/\/absolute-magnitude.com\/\"},{\"@type\":\"ListItem\",\"position\":2,\"name\":\"Produits de nettoyage\",\"item\":\"https:\/\/absolute-magnitude.com\/produit-nettoyage\/\"},{\"@type\":\"ListItem\",\"position\":3,\"name\":\"Mono brosses rotatives\"}]},{\"@type\":\"WebSite\",\"@id\":\"https:\/\/absolute-magnitude.com\/#website\",\"url\":\"https:\/\/absolute-magnitude.com\/\",\"name\":\"Absolute magnitude\",\"description\":\"\",\"potentialAction\":[{\"@type\":\"SearchAction\",\"target\":{\"@type\":\"EntryPoint\",\"urlTemplate\":\"https:\/\/absolute-magnitude.com\/?s={search_term_string}\"},\"query-input\":{\"@type\":\"PropertyValueSpecification\",\"valueRequired\":true,\"valueName\":\"search_term_string\"}}],\"inLanguage\":\"en-GB\"}]}<\/script>\n<!-- \/ Yoast SEO plugin. -->","yoast_head_json":{"title":"Mono brosses rotatives - Absolute magnitude","description":"Mono brosses rotatives, id\u00e9ales pour le nettoyage des sols et plus particuli\u00e8rement du teck & autres surfaces bois\u00e9es. Petit ou grand format..","robots":{"index":"noindex","follow":"follow"},"og_locale":"en_GB","og_type":"article","og_title":"Mono brosses rotatives - Absolute magnitude","og_description":"Mono brosses rotatives, id\u00e9ales pour le nettoyage des sols et plus particuli\u00e8rement du teck & autres surfaces bois\u00e9es. Petit ou grand format..","og_url":"https:\/\/absolute-magnitude.com\/en\/product\/mono-brosses\/","og_site_name":"Absolute magnitude","article_modified_time":"2025-11-04T09:53:40+00:00","og_image":[{"width":1080,"height":1080,"url":"https:\/\/absolute-magnitude.com\/wp-content\/uploads\/2024\/11\/Insta.png","type":"image\/png"}],"twitter_card":"summary_large_image","twitter_misc":{"Estimated reading time":"2 minutes"},"schema":{"@context":"https:\/\/schema.org","@graph":[{"@type":"WebPage","@id":"https:\/\/absolute-magnitude.com\/produit\/mono-brosses\/","url":"https:\/\/absolute-magnitude.com\/produit\/mono-brosses\/","name":"Mono brosses rotatives - Absolute magnitude","isPartOf":{"@id":"https:\/\/absolute-magnitude.com\/#website"},"primaryImageOfPage":{"@id":"https:\/\/absolute-magnitude.com\/produit\/mono-brosses\/#primaryimage"},"image":{"@id":"https:\/\/absolute-magnitude.com\/produit\/mono-brosses\/#primaryimage"},"thumbnailUrl":"https:\/\/absolute-magnitude.com\/wp-content\/uploads\/2024\/11\/Insta.png","datePublished":"2024-08-07T09:04:51+00:00","dateModified":"2025-11-04T09:53:40+00:00","description":"Mono brosses rotatives, id\u00e9ales pour le nettoyage des sols et plus particuli\u00e8rement du teck & autres surfaces bois\u00e9es. Petit ou grand format..","breadcrumb":{"@id":"https:\/\/absolute-magnitude.com\/produit\/mono-brosses\/#breadcrumb"},"inLanguage":"en-GB","potentialAction":[{"@type":"ReadAction","target":["https:\/\/absolute-magnitude.com\/produit\/mono-brosses\/"]}]},{"@type":"ImageObject","inLanguage":"en-GB","@id":"https:\/\/absolute-magnitude.com\/produit\/mono-brosses\/#primaryimage","url":"https:\/\/absolute-magnitude.com\/wp-content\/uploads\/2024\/11\/Insta.png","contentUrl":"https:\/\/absolute-magnitude.com\/wp-content\/uploads\/2024\/11\/Insta.png","width":1080,"height":1080,"caption":"Mono-brosses-rotatives"},{"@type":"BreadcrumbList","@id":"https:\/\/absolute-magnitude.com\/produit\/mono-brosses\/#breadcrumb","itemListElement":[{"@type":"ListItem","position":1,"name":"Accueil","item":"https:\/\/absolute-magnitude.com\/"},{"@type":"ListItem","position":2,"name":"Produits de nettoyage","item":"https:\/\/absolute-magnitude.com\/produit-nettoyage\/"},{"@type":"ListItem","position":3,"name":"Mono brosses rotatives"}]},{"@type":"WebSite","@id":"https:\/\/absolute-magnitude.com\/#website","url":"https:\/\/absolute-magnitude.com\/","name":"Absolute magnitude","description":"","potentialAction":[{"@type":"SearchAction","target":{"@type":"EntryPoint","urlTemplate":"https:\/\/absolute-magnitude.com\/?s={search_term_string}"},"query-input":{"@type":"PropertyValueSpecification","valueRequired":true,"valueName":"search_term_string"}}],"inLanguage":"en-GB"}]}},"_links":{"self":[{"href":"https:\/\/absolute-magnitude.com\/en\/wp-json\/wp\/v2\/product\/966","targetHints":{"allow":["GET"]}}],"collection":[{"href":"https:\/\/absolute-magnitude.com\/en\/wp-json\/wp\/v2\/product"}],"about":[{"href":"https:\/\/absolute-magnitude.com\/en\/wp-json\/wp\/v2\/types\/product"}],"replies":[{"embeddable":true,"href":"https:\/\/absolute-magnitude.com\/en\/wp-json\/wp\/v2\/comments?post=966"}],"wp:featuredmedia":[{"embeddable":true,"href":"https:\/\/absolute-magnitude.com\/en\/wp-json\/wp\/v2\/media\/2080"}],"wp:attachment":[{"href":"https:\/\/absolute-magnitude.com\/en\/wp-json\/wp\/v2\/media?parent=966"}],"wp:term":[{"taxonomy":"product_brand","embeddable":true,"href":"https:\/\/absolute-magnitude.com\/en\/wp-json\/wp\/v2\/product_brand?post=966"},{"taxonomy":"product_cat","embeddable":true,"href":"https:\/\/absolute-magnitude.com\/en\/wp-json\/wp\/v2\/product_cat?post=966"},{"taxonomy":"product_tag","embeddable":true,"href":"https:\/\/absolute-magnitude.com\/en\/wp-json\/wp\/v2\/product_tag?post=966"}],"curies":[{"name":"wp","href":"https:\/\/api.w.org\/{rel}","templated":true}]}}