{"id":95,"date":"2024-11-27T09:11:38","date_gmt":"2024-11-27T08:11:38","guid":{"rendered":"https:\/\/dev.absolute-magnitude.com\/?post_type=product&#038;p=95"},"modified":"2025-07-23T01:00:02","modified_gmt":"2025-07-22T23:00:02","slug":"microfibre-bambou","status":"publish","type":"product","link":"https:\/\/absolute-magnitude.com\/en\/product\/microfibre-bambou\/","title":{"rendered":"Microfibre bamboo"},"content":{"rendered":"<p>La <strong>bamboo microfibre<\/strong> <strong>ecological<\/strong> is a revolutionary cleaning accessory that combines ecology and technology. It combines natural bamboo fibres, renowned for their high absorbency and softness, with hard-wearing synthetic fibres to guarantee long-lasting effectiveness. The bamboo fibres absorb up to several times their weight in water, ensuring thorough cleaning without leaving marks or scratches.<\/p>\n<p>This product is designed to meet the needs of delicate surfaces such as glass, mirrors, stainless steel, screens and even taps. Thanks to its ultra-soft texture, the bamboo microfibre cloth is ideal for thorough cleaning without the risk of damaging surfaces. Its natural fibres gently remove grease and dirt, leaving your surfaces spotless and shiny without the use of harsh chemicals.<\/p>\n<p>What's more, this eco-friendly bamboo microfibre is as practical as it is hardwearing. Machine washable at up to 90\u00b0C, it retains its effectiveness and shape wash after wash, without fluffing. Whether for domestic or professional use, it adapts to all types of surface, making it a must-have for kitchens, bathrooms and even the screens of electronic devices.<\/p>\n<p>By using bamboo microfibre, you're choosing an ecological and sustainable product, while preserving the quality of your surfaces. Treat yourself to practical, economical and environmentally-friendly cleaning with this versatile, high-performance cloth.<\/p>\n<p>Ideal for delicate surfaces such as glass, mirrors, stainless steel, screens, taps, etc.<\/p>\n<ul>\n<li>Durable fabric, machine washable at 90\u00b0C<\/li>\n<li>Lint-free<\/li>\n<li>All types of surface<\/li>\n<\/ul>\n<p>Dimensions: 34\u00d745<\/p>\n<section class=\"related products\"><\/section>","protected":false},"excerpt":{"rendered":"<div class=\"woocommerce-product-details__short-description\">\n<p>Microfibre towel for delicate surfaces<\/p>\n<\/div>","protected":false},"featured_media":129,"comment_status":"closed","ping_status":"closed","template":"","meta":{"inline_featured_image":false},"product_brand":[],"product_cat":[16],"product_tag":[],"class_list":{"0":"post-95","1":"product","2":"type-product","3":"status-publish","4":"has-post-thumbnail","6":"product_cat-accessoires","8":"first","9":"instock","10":"taxable","11":"shipping-taxable","12":"purchasable","13":"product-type-simple"},"yoast_head":"<!-- This site is optimized with the Yoast SEO plugin v26.9 - https:\/\/yoast.com\/product\/yoast-seo-wordpress\/ -->\n<title>Bambou microfibre : Nettoyage \u00c9cologique - Absolute magnitude<\/title>\n<meta name=\"description\" content=\"Microfibre bambou, 100% \u00e9cologique. Nettoie efficacement tout en respectant l\u2019environnement et les surfaces d\u00e9licates ! Id\u00e9al pour les surfaces vitr\u00e9es\" \/>\n<meta name=\"robots\" content=\"index, follow, max-snippet:-1, max-image-preview:large, max-video-preview:-1\" \/>\n<link rel=\"canonical\" href=\"https:\/\/absolute-magnitude.com\/en\/product\/microfibre-bambou\/\" \/>\n<meta property=\"og:locale\" content=\"en_GB\" \/>\n<meta property=\"og:type\" content=\"article\" \/>\n<meta property=\"og:title\" content=\"Bambou microfibre : Nettoyage \u00c9cologique - Absolute magnitude\" \/>\n<meta property=\"og:description\" content=\"Microfibre bambou, 100% \u00e9cologique. Nettoie efficacement tout en respectant l\u2019environnement et les surfaces d\u00e9licates ! Id\u00e9al pour les surfaces vitr\u00e9es\" \/>\n<meta property=\"og:url\" content=\"https:\/\/absolute-magnitude.com\/en\/product\/microfibre-bambou\/\" \/>\n<meta property=\"og:site_name\" content=\"Absolute magnitude\" \/>\n<meta property=\"article:modified_time\" content=\"2025-07-22T23:00:02+00:00\" \/>\n<meta property=\"og:image\" content=\"https:\/\/absolute-magnitude.com\/wp-content\/uploads\/2024\/06\/bamboe-microfibres-LD.jpg\" \/>\n\t<meta property=\"og:image:width\" content=\"500\" \/>\n\t<meta property=\"og:image:height\" content=\"375\" \/>\n\t<meta property=\"og:image:type\" content=\"image\/jpeg\" \/>\n<meta name=\"twitter:card\" content=\"summary_large_image\" \/>\n<meta name=\"twitter:label1\" content=\"Estimated reading time\" \/>\n\t<meta name=\"twitter:data1\" content=\"2 minutes\" \/>\n<script type=\"application\/ld+json\" class=\"yoast-schema-graph\">{\"@context\":\"https:\/\/schema.org\",\"@graph\":[{\"@type\":\"WebPage\",\"@id\":\"https:\/\/absolute-magnitude.com\/produit\/microfibre-bambou\/\",\"url\":\"https:\/\/absolute-magnitude.com\/produit\/microfibre-bambou\/\",\"name\":\"Bambou microfibre : Nettoyage \u00c9cologique - Absolute magnitude\",\"isPartOf\":{\"@id\":\"https:\/\/absolute-magnitude.com\/#website\"},\"primaryImageOfPage\":{\"@id\":\"https:\/\/absolute-magnitude.com\/produit\/microfibre-bambou\/#primaryimage\"},\"image\":{\"@id\":\"https:\/\/absolute-magnitude.com\/produit\/microfibre-bambou\/#primaryimage\"},\"thumbnailUrl\":\"https:\/\/absolute-magnitude.com\/wp-content\/uploads\/2024\/06\/bamboe-microfibres-LD.jpg\",\"datePublished\":\"2024-11-27T08:11:38+00:00\",\"dateModified\":\"2025-07-22T23:00:02+00:00\",\"description\":\"Microfibre bambou, 100% \u00e9cologique. Nettoie efficacement tout en respectant l\u2019environnement et les surfaces d\u00e9licates ! Id\u00e9al pour les surfaces vitr\u00e9es\",\"breadcrumb\":{\"@id\":\"https:\/\/absolute-magnitude.com\/produit\/microfibre-bambou\/#breadcrumb\"},\"inLanguage\":\"en-GB\",\"potentialAction\":[{\"@type\":\"ReadAction\",\"target\":[\"https:\/\/absolute-magnitude.com\/produit\/microfibre-bambou\/\"]}]},{\"@type\":\"ImageObject\",\"inLanguage\":\"en-GB\",\"@id\":\"https:\/\/absolute-magnitude.com\/produit\/microfibre-bambou\/#primaryimage\",\"url\":\"https:\/\/absolute-magnitude.com\/wp-content\/uploads\/2024\/06\/bamboe-microfibres-LD.jpg\",\"contentUrl\":\"https:\/\/absolute-magnitude.com\/wp-content\/uploads\/2024\/06\/bamboe-microfibres-LD.jpg\",\"width\":500,\"height\":375,\"caption\":\"microfibre-bambou-\u00e9cologique\"},{\"@type\":\"BreadcrumbList\",\"@id\":\"https:\/\/absolute-magnitude.com\/produit\/microfibre-bambou\/#breadcrumb\",\"itemListElement\":[{\"@type\":\"ListItem\",\"position\":1,\"name\":\"Accueil\",\"item\":\"https:\/\/absolute-magnitude.com\/\"},{\"@type\":\"ListItem\",\"position\":2,\"name\":\"Produits de nettoyage\",\"item\":\"https:\/\/absolute-magnitude.com\/produit-nettoyage\/\"},{\"@type\":\"ListItem\",\"position\":3,\"name\":\"Bambou microfibre\"}]},{\"@type\":\"WebSite\",\"@id\":\"https:\/\/absolute-magnitude.com\/#website\",\"url\":\"https:\/\/absolute-magnitude.com\/\",\"name\":\"Absolute magnitude\",\"description\":\"\",\"potentialAction\":[{\"@type\":\"SearchAction\",\"target\":{\"@type\":\"EntryPoint\",\"urlTemplate\":\"https:\/\/absolute-magnitude.com\/?s={search_term_string}\"},\"query-input\":{\"@type\":\"PropertyValueSpecification\",\"valueRequired\":true,\"valueName\":\"search_term_string\"}}],\"inLanguage\":\"en-GB\"}]}<\/script>\n<!-- \/ Yoast SEO plugin. -->","yoast_head_json":{"title":"Bambou microfibre : Nettoyage \u00c9cologique - Absolute magnitude","description":"Microfibre bambou, 100% \u00e9cologique. Nettoie efficacement tout en respectant l\u2019environnement et les surfaces d\u00e9licates ! Id\u00e9al pour les surfaces vitr\u00e9es","robots":{"index":"index","follow":"follow","max-snippet":"max-snippet:-1","max-image-preview":"max-image-preview:large","max-video-preview":"max-video-preview:-1"},"canonical":"https:\/\/absolute-magnitude.com\/en\/product\/microfibre-bambou\/","og_locale":"en_GB","og_type":"article","og_title":"Bambou microfibre : Nettoyage \u00c9cologique - Absolute magnitude","og_description":"Microfibre bambou, 100% \u00e9cologique. Nettoie efficacement tout en respectant l\u2019environnement et les surfaces d\u00e9licates ! Id\u00e9al pour les surfaces vitr\u00e9es","og_url":"https:\/\/absolute-magnitude.com\/en\/product\/microfibre-bambou\/","og_site_name":"Absolute magnitude","article_modified_time":"2025-07-22T23:00:02+00:00","og_image":[{"width":500,"height":375,"url":"https:\/\/absolute-magnitude.com\/wp-content\/uploads\/2024\/06\/bamboe-microfibres-LD.jpg","type":"image\/jpeg"}],"twitter_card":"summary_large_image","twitter_misc":{"Estimated reading time":"2 minutes"},"schema":{"@context":"https:\/\/schema.org","@graph":[{"@type":"WebPage","@id":"https:\/\/absolute-magnitude.com\/produit\/microfibre-bambou\/","url":"https:\/\/absolute-magnitude.com\/produit\/microfibre-bambou\/","name":"Bambou microfibre : Nettoyage \u00c9cologique - Absolute magnitude","isPartOf":{"@id":"https:\/\/absolute-magnitude.com\/#website"},"primaryImageOfPage":{"@id":"https:\/\/absolute-magnitude.com\/produit\/microfibre-bambou\/#primaryimage"},"image":{"@id":"https:\/\/absolute-magnitude.com\/produit\/microfibre-bambou\/#primaryimage"},"thumbnailUrl":"https:\/\/absolute-magnitude.com\/wp-content\/uploads\/2024\/06\/bamboe-microfibres-LD.jpg","datePublished":"2024-11-27T08:11:38+00:00","dateModified":"2025-07-22T23:00:02+00:00","description":"Microfibre bambou, 100% \u00e9cologique. Nettoie efficacement tout en respectant l\u2019environnement et les surfaces d\u00e9licates ! Id\u00e9al pour les surfaces vitr\u00e9es","breadcrumb":{"@id":"https:\/\/absolute-magnitude.com\/produit\/microfibre-bambou\/#breadcrumb"},"inLanguage":"en-GB","potentialAction":[{"@type":"ReadAction","target":["https:\/\/absolute-magnitude.com\/produit\/microfibre-bambou\/"]}]},{"@type":"ImageObject","inLanguage":"en-GB","@id":"https:\/\/absolute-magnitude.com\/produit\/microfibre-bambou\/#primaryimage","url":"https:\/\/absolute-magnitude.com\/wp-content\/uploads\/2024\/06\/bamboe-microfibres-LD.jpg","contentUrl":"https:\/\/absolute-magnitude.com\/wp-content\/uploads\/2024\/06\/bamboe-microfibres-LD.jpg","width":500,"height":375,"caption":"microfibre-bambou-\u00e9cologique"},{"@type":"BreadcrumbList","@id":"https:\/\/absolute-magnitude.com\/produit\/microfibre-bambou\/#breadcrumb","itemListElement":[{"@type":"ListItem","position":1,"name":"Accueil","item":"https:\/\/absolute-magnitude.com\/"},{"@type":"ListItem","position":2,"name":"Produits de nettoyage","item":"https:\/\/absolute-magnitude.com\/produit-nettoyage\/"},{"@type":"ListItem","position":3,"name":"Bambou microfibre"}]},{"@type":"WebSite","@id":"https:\/\/absolute-magnitude.com\/#website","url":"https:\/\/absolute-magnitude.com\/","name":"Absolute magnitude","description":"","potentialAction":[{"@type":"SearchAction","target":{"@type":"EntryPoint","urlTemplate":"https:\/\/absolute-magnitude.com\/?s={search_term_string}"},"query-input":{"@type":"PropertyValueSpecification","valueRequired":true,"valueName":"search_term_string"}}],"inLanguage":"en-GB"}]}},"_links":{"self":[{"href":"https:\/\/absolute-magnitude.com\/en\/wp-json\/wp\/v2\/product\/95","targetHints":{"allow":["GET"]}}],"collection":[{"href":"https:\/\/absolute-magnitude.com\/en\/wp-json\/wp\/v2\/product"}],"about":[{"href":"https:\/\/absolute-magnitude.com\/en\/wp-json\/wp\/v2\/types\/product"}],"replies":[{"embeddable":true,"href":"https:\/\/absolute-magnitude.com\/en\/wp-json\/wp\/v2\/comments?post=95"}],"wp:featuredmedia":[{"embeddable":true,"href":"https:\/\/absolute-magnitude.com\/en\/wp-json\/wp\/v2\/media\/129"}],"wp:attachment":[{"href":"https:\/\/absolute-magnitude.com\/en\/wp-json\/wp\/v2\/media?parent=95"}],"wp:term":[{"taxonomy":"product_brand","embeddable":true,"href":"https:\/\/absolute-magnitude.com\/en\/wp-json\/wp\/v2\/product_brand?post=95"},{"taxonomy":"product_cat","embeddable":true,"href":"https:\/\/absolute-magnitude.com\/en\/wp-json\/wp\/v2\/product_cat?post=95"},{"taxonomy":"product_tag","embeddable":true,"href":"https:\/\/absolute-magnitude.com\/en\/wp-json\/wp\/v2\/product_tag?post=95"}],"curies":[{"name":"wp","href":"https:\/\/api.w.org\/{rel}","templated":true}]}}