{"id":88,"date":"2024-11-27T09:40:37","date_gmt":"2024-11-27T08:40:37","guid":{"rendered":"https:\/\/dev.absolute-magnitude.com\/?post_type=product&#038;p=88"},"modified":"2025-07-23T01:00:02","modified_gmt":"2025-07-22T23:00:02","slug":"gant-microfibre","status":"publish","type":"product","link":"https:\/\/absolute-magnitude.com\/en\/product\/gant-microfibre\/","title":{"rendered":"Rasta meet"},"content":{"rendered":"<p>Le <strong>microfibre glove<\/strong> is an ultra-practical accessory for cleaning and dusting all surfaces. It's designed to reach even the most hard-to-reach nooks and crannies. This innovative glove has two sides. The rasta side eliminates dust and prevents electrostatic build-up. So no dust is deposited again after cleaning. On the other side, the microfibre is ideal for wiping surfaces without leaving streaks.<\/p>\n<p>Depending on your needs, you can use the <strong>microfibre glove<\/strong> Wet or dry. Used dry, it's perfect for dusting furniture and other delicate surfaces. Wet, it becomes a real asset for more thorough cleaning. It removes stubborn stains and cleans dirty surfaces effectively. Thanks to its microfibres, this glove guarantees maximum absorption and optimal cleaning, without the need for harsh chemicals.<\/p>\n<p>What's more, its softness means it can be used on fragile materials. There's no risk of scratching, even on surfaces like screens or car bodies. It is particularly well suited to furniture, windows and stainless steel surfaces. The <strong>microfibre glove<\/strong> is also very practical for outdoor spaces, such as gardens or vehicles.<\/p>\n<p>The glove is designed for easy machine washing. This means you can reuse it many times, while maintaining its cleaning properties. So it's both economical and environmentally friendly. It can last a long time, even after several washing cycles.<\/p>\n<p>In short, the <strong>microfibre glove<\/strong> is an essential accessory for effective, gentle and environmentally-friendly cleaning. It gives you impeccable results while caring for your surfaces. Whether indoors or out, it will quickly become your indispensable ally.<\/p>\n<section class=\"related products\"><\/section>","protected":false},"excerpt":{"rendered":"<div class=\"woocommerce-product-details__short-description\">\n<p>2 in 1 cleaning glove<\/p>\n<\/div>","protected":false},"featured_media":2227,"comment_status":"closed","ping_status":"closed","template":"","meta":{"inline_featured_image":false},"product_brand":[],"product_cat":[16],"product_tag":[],"class_list":{"0":"post-88","1":"product","2":"type-product","3":"status-publish","4":"has-post-thumbnail","6":"product_cat-accessoires","8":"first","9":"instock","10":"taxable","11":"shipping-taxable","12":"purchasable","13":"product-type-simple"},"yoast_head":"<!-- This site is optimized with the Yoast SEO plugin v26.9 - https:\/\/yoast.com\/product\/yoast-seo-wordpress\/ -->\n<title>Gant microfibre: Nettoyage efficace - Absolute magnitude<\/title>\n<meta name=\"description\" content=\"D\u00e9couvrez notre gant microfibre, id\u00e9al pour un nettoyage efficace et d\u00e9licat sur toutes les surfaces. Pratique, \u00e9cologique et ultra-absorbant.\" \/>\n<meta name=\"robots\" content=\"index, follow, max-snippet:-1, max-image-preview:large, max-video-preview:-1\" \/>\n<link rel=\"canonical\" href=\"https:\/\/absolute-magnitude.com\/en\/product\/gant-microfibre\/\" \/>\n<meta property=\"og:locale\" content=\"en_GB\" \/>\n<meta property=\"og:type\" content=\"article\" \/>\n<meta property=\"og:title\" content=\"Gant microfibre: Nettoyage efficace - Absolute magnitude\" \/>\n<meta property=\"og:description\" content=\"D\u00e9couvrez notre gant microfibre, id\u00e9al pour un nettoyage efficace et d\u00e9licat sur toutes les surfaces. Pratique, \u00e9cologique et ultra-absorbant.\" \/>\n<meta property=\"og:url\" content=\"https:\/\/absolute-magnitude.com\/en\/product\/gant-microfibre\/\" \/>\n<meta property=\"og:site_name\" content=\"Absolute magnitude\" \/>\n<meta property=\"article:modified_time\" content=\"2025-07-22T23:00:02+00:00\" \/>\n<meta property=\"og:image\" content=\"https:\/\/absolute-magnitude.com\/wp-content\/uploads\/2024\/11\/gant-de-lavage-micro-fibre-rasta-bleu.jpg\" \/>\n\t<meta property=\"og:image:width\" content=\"1968\" \/>\n\t<meta property=\"og:image:height\" content=\"1968\" \/>\n\t<meta property=\"og:image:type\" content=\"image\/jpeg\" \/>\n<meta name=\"twitter:card\" content=\"summary_large_image\" \/>\n<meta name=\"twitter:label1\" content=\"Estimated reading time\" \/>\n\t<meta name=\"twitter:data1\" content=\"2 minutes\" \/>\n<script type=\"application\/ld+json\" class=\"yoast-schema-graph\">{\"@context\":\"https:\/\/schema.org\",\"@graph\":[{\"@type\":\"WebPage\",\"@id\":\"https:\/\/absolute-magnitude.com\/produit\/gant-microfibre\/\",\"url\":\"https:\/\/absolute-magnitude.com\/produit\/gant-microfibre\/\",\"name\":\"Gant microfibre: Nettoyage efficace - Absolute magnitude\",\"isPartOf\":{\"@id\":\"https:\/\/absolute-magnitude.com\/#website\"},\"primaryImageOfPage\":{\"@id\":\"https:\/\/absolute-magnitude.com\/produit\/gant-microfibre\/#primaryimage\"},\"image\":{\"@id\":\"https:\/\/absolute-magnitude.com\/produit\/gant-microfibre\/#primaryimage\"},\"thumbnailUrl\":\"https:\/\/absolute-magnitude.com\/wp-content\/uploads\/2024\/11\/gant-de-lavage-micro-fibre-rasta-bleu.jpg\",\"datePublished\":\"2024-11-27T08:40:37+00:00\",\"dateModified\":\"2025-07-22T23:00:02+00:00\",\"description\":\"D\u00e9couvrez notre gant microfibre, id\u00e9al pour un nettoyage efficace et d\u00e9licat sur toutes les surfaces. Pratique, \u00e9cologique et ultra-absorbant.\",\"breadcrumb\":{\"@id\":\"https:\/\/absolute-magnitude.com\/produit\/gant-microfibre\/#breadcrumb\"},\"inLanguage\":\"en-GB\",\"potentialAction\":[{\"@type\":\"ReadAction\",\"target\":[\"https:\/\/absolute-magnitude.com\/produit\/gant-microfibre\/\"]}]},{\"@type\":\"ImageObject\",\"inLanguage\":\"en-GB\",\"@id\":\"https:\/\/absolute-magnitude.com\/produit\/gant-microfibre\/#primaryimage\",\"url\":\"https:\/\/absolute-magnitude.com\/wp-content\/uploads\/2024\/11\/gant-de-lavage-micro-fibre-rasta-bleu.jpg\",\"contentUrl\":\"https:\/\/absolute-magnitude.com\/wp-content\/uploads\/2024\/11\/gant-de-lavage-micro-fibre-rasta-bleu.jpg\",\"width\":1968,\"height\":1968,\"caption\":\"gant-de-lavage-bleu\"},{\"@type\":\"BreadcrumbList\",\"@id\":\"https:\/\/absolute-magnitude.com\/produit\/gant-microfibre\/#breadcrumb\",\"itemListElement\":[{\"@type\":\"ListItem\",\"position\":1,\"name\":\"Accueil\",\"item\":\"https:\/\/absolute-magnitude.com\/\"},{\"@type\":\"ListItem\",\"position\":2,\"name\":\"Produits de nettoyage\",\"item\":\"https:\/\/absolute-magnitude.com\/produit-nettoyage\/\"},{\"@type\":\"ListItem\",\"position\":3,\"name\":\"Rasta meet\"}]},{\"@type\":\"WebSite\",\"@id\":\"https:\/\/absolute-magnitude.com\/#website\",\"url\":\"https:\/\/absolute-magnitude.com\/\",\"name\":\"Absolute magnitude\",\"description\":\"\",\"potentialAction\":[{\"@type\":\"SearchAction\",\"target\":{\"@type\":\"EntryPoint\",\"urlTemplate\":\"https:\/\/absolute-magnitude.com\/?s={search_term_string}\"},\"query-input\":{\"@type\":\"PropertyValueSpecification\",\"valueRequired\":true,\"valueName\":\"search_term_string\"}}],\"inLanguage\":\"en-GB\"}]}<\/script>\n<!-- \/ Yoast SEO plugin. -->","yoast_head_json":{"title":"Gant microfibre: Nettoyage efficace - Absolute magnitude","description":"D\u00e9couvrez notre gant microfibre, id\u00e9al pour un nettoyage efficace et d\u00e9licat sur toutes les surfaces. Pratique, \u00e9cologique et ultra-absorbant.","robots":{"index":"index","follow":"follow","max-snippet":"max-snippet:-1","max-image-preview":"max-image-preview:large","max-video-preview":"max-video-preview:-1"},"canonical":"https:\/\/absolute-magnitude.com\/en\/product\/gant-microfibre\/","og_locale":"en_GB","og_type":"article","og_title":"Gant microfibre: Nettoyage efficace - Absolute magnitude","og_description":"D\u00e9couvrez notre gant microfibre, id\u00e9al pour un nettoyage efficace et d\u00e9licat sur toutes les surfaces. Pratique, \u00e9cologique et ultra-absorbant.","og_url":"https:\/\/absolute-magnitude.com\/en\/product\/gant-microfibre\/","og_site_name":"Absolute magnitude","article_modified_time":"2025-07-22T23:00:02+00:00","og_image":[{"width":1968,"height":1968,"url":"https:\/\/absolute-magnitude.com\/wp-content\/uploads\/2024\/11\/gant-de-lavage-micro-fibre-rasta-bleu.jpg","type":"image\/jpeg"}],"twitter_card":"summary_large_image","twitter_misc":{"Estimated reading time":"2 minutes"},"schema":{"@context":"https:\/\/schema.org","@graph":[{"@type":"WebPage","@id":"https:\/\/absolute-magnitude.com\/produit\/gant-microfibre\/","url":"https:\/\/absolute-magnitude.com\/produit\/gant-microfibre\/","name":"Gant microfibre: Nettoyage efficace - Absolute magnitude","isPartOf":{"@id":"https:\/\/absolute-magnitude.com\/#website"},"primaryImageOfPage":{"@id":"https:\/\/absolute-magnitude.com\/produit\/gant-microfibre\/#primaryimage"},"image":{"@id":"https:\/\/absolute-magnitude.com\/produit\/gant-microfibre\/#primaryimage"},"thumbnailUrl":"https:\/\/absolute-magnitude.com\/wp-content\/uploads\/2024\/11\/gant-de-lavage-micro-fibre-rasta-bleu.jpg","datePublished":"2024-11-27T08:40:37+00:00","dateModified":"2025-07-22T23:00:02+00:00","description":"D\u00e9couvrez notre gant microfibre, id\u00e9al pour un nettoyage efficace et d\u00e9licat sur toutes les surfaces. Pratique, \u00e9cologique et ultra-absorbant.","breadcrumb":{"@id":"https:\/\/absolute-magnitude.com\/produit\/gant-microfibre\/#breadcrumb"},"inLanguage":"en-GB","potentialAction":[{"@type":"ReadAction","target":["https:\/\/absolute-magnitude.com\/produit\/gant-microfibre\/"]}]},{"@type":"ImageObject","inLanguage":"en-GB","@id":"https:\/\/absolute-magnitude.com\/produit\/gant-microfibre\/#primaryimage","url":"https:\/\/absolute-magnitude.com\/wp-content\/uploads\/2024\/11\/gant-de-lavage-micro-fibre-rasta-bleu.jpg","contentUrl":"https:\/\/absolute-magnitude.com\/wp-content\/uploads\/2024\/11\/gant-de-lavage-micro-fibre-rasta-bleu.jpg","width":1968,"height":1968,"caption":"gant-de-lavage-bleu"},{"@type":"BreadcrumbList","@id":"https:\/\/absolute-magnitude.com\/produit\/gant-microfibre\/#breadcrumb","itemListElement":[{"@type":"ListItem","position":1,"name":"Accueil","item":"https:\/\/absolute-magnitude.com\/"},{"@type":"ListItem","position":2,"name":"Produits de nettoyage","item":"https:\/\/absolute-magnitude.com\/produit-nettoyage\/"},{"@type":"ListItem","position":3,"name":"Rasta meet"}]},{"@type":"WebSite","@id":"https:\/\/absolute-magnitude.com\/#website","url":"https:\/\/absolute-magnitude.com\/","name":"Absolute magnitude","description":"","potentialAction":[{"@type":"SearchAction","target":{"@type":"EntryPoint","urlTemplate":"https:\/\/absolute-magnitude.com\/?s={search_term_string}"},"query-input":{"@type":"PropertyValueSpecification","valueRequired":true,"valueName":"search_term_string"}}],"inLanguage":"en-GB"}]}},"_links":{"self":[{"href":"https:\/\/absolute-magnitude.com\/en\/wp-json\/wp\/v2\/product\/88","targetHints":{"allow":["GET"]}}],"collection":[{"href":"https:\/\/absolute-magnitude.com\/en\/wp-json\/wp\/v2\/product"}],"about":[{"href":"https:\/\/absolute-magnitude.com\/en\/wp-json\/wp\/v2\/types\/product"}],"replies":[{"embeddable":true,"href":"https:\/\/absolute-magnitude.com\/en\/wp-json\/wp\/v2\/comments?post=88"}],"wp:featuredmedia":[{"embeddable":true,"href":"https:\/\/absolute-magnitude.com\/en\/wp-json\/wp\/v2\/media\/2227"}],"wp:attachment":[{"href":"https:\/\/absolute-magnitude.com\/en\/wp-json\/wp\/v2\/media?parent=88"}],"wp:term":[{"taxonomy":"product_brand","embeddable":true,"href":"https:\/\/absolute-magnitude.com\/en\/wp-json\/wp\/v2\/product_brand?post=88"},{"taxonomy":"product_cat","embeddable":true,"href":"https:\/\/absolute-magnitude.com\/en\/wp-json\/wp\/v2\/product_cat?post=88"},{"taxonomy":"product_tag","embeddable":true,"href":"https:\/\/absolute-magnitude.com\/en\/wp-json\/wp\/v2\/product_tag?post=88"}],"curies":[{"name":"wp","href":"https:\/\/api.w.org\/{rel}","templated":true}]}}