{"id":83,"date":"2024-11-25T09:11:36","date_gmt":"2024-11-25T08:11:36","guid":{"rendered":"https:\/\/dev.absolute-magnitude.com\/?post_type=product&#038;p=83"},"modified":"2025-07-23T01:00:02","modified_gmt":"2025-07-22T23:00:02","slug":"x-paste-pate-polir","status":"publish","type":"product","link":"https:\/\/absolute-magnitude.com\/en\/product\/x-paste-pate-polir\/","title":{"rendered":"X Paste"},"content":{"rendered":"<p>This polishing paste combines cleaning, polishing and protection for optimum surface shine.<\/p>\n<p>Formulated from sodium carbonate, a natural ingredient, it is biodegradable and non-toxic for the environment. What's more, it meets the requirements of the international MARPOL convention, guaranteeing total respect for the environment.<\/p>\n<p>With this polishing paste, you can easily remove organic stains such as grease, oil or wine. It can also be used to treat mineral stains such as limescale, salt or tartar.<\/p>\n<p>The paste provides extra protection for surfaces, thanks to its water-repellent effect. This prevents the build-up of new dirt, reducing the frequency of cleaning.<\/p>\n<p>Non-abrasive, it can be used on a variety of surfaces: glass, stainless steel, ceramic, plastic and even silverware. What's more, it gently polishes surfaces to a brilliant shine.<\/p>\n<p>Easy to apply, X Paste releases a fresh, light fragrance. Last but not least, it is gentle on the skin and does not require gloves for comfortable use.<\/p>\n<hr \/>\n<h5><span style=\"color: #ff6600;\">Instructions for use:\u00a0<\/span><\/h5>\n<ol>\n<li style=\"font-weight: 400;\" aria-level=\"1\"><span style=\"font-weight: 400;\">Start by moistening the sponge provided.<\/span><\/li>\n<li style=\"font-weight: 400;\" aria-level=\"1\"><span style=\"font-weight: 400;\">Apply the paste to the sponge until foam forms.<\/span><\/li>\n<li style=\"font-weight: 400;\" aria-level=\"1\"><span style=\"font-weight: 400;\">Scrub the surface to be cleaned.\u00a0<\/span><\/li>\n<li style=\"font-weight: 400;\" aria-level=\"1\"><span style=\"font-weight: 400;\">Rinse thoroughly with water, using a sponge or microfibre cloth to remove all the particles of paste. To ensure that you have removed all the particles from the paste, the surface should be clear and shiny. If you notice any whitish areas, this means that you have not rinsed the surface properly. In this case, repeat the rinsing operation.<\/span><\/li>\n<li style=\"font-weight: 400;\" aria-level=\"1\"><span style=\"font-weight: 400;\">For a perfect finish, we recommend wiping the surface with a dry microfibre cloth.<\/span><\/li>\n<\/ol>\n<hr \/>\n<p>&nbsp;<\/p>\n<p><span style=\"text-decoration: underline;\"><span style=\"color: #000000; text-decoration: underline;\"><b>Tip:<\/b><\/span><\/span><span style=\"color: #000000;\"><b>\u00a0<\/b><\/span><\/p>\n<p><span style=\"font-weight: 400;\">To keep your product in the best possible condition, it's best to remove any excess water from the paste box and allow the sponge to dry before putting it away. <\/span><\/p>","protected":false},"excerpt":{"rendered":"<p id=\"tw-target-text\" class=\"tw-data-text tw-text-large XcVN5d tw-ta\" dir=\"ltr\" data-placeholder=\"Traduction\"><span style=\"font-weight: 400;\">Multi-purpose organic polishing paste<\/span><\/p>","protected":false},"featured_media":2176,"comment_status":"closed","ping_status":"closed","template":"","meta":{"inline_featured_image":false},"product_brand":[],"product_cat":[19],"product_tag":[],"class_list":{"0":"post-83","1":"product","2":"type-product","3":"status-publish","4":"has-post-thumbnail","6":"product_cat-cleaning-products","8":"first","9":"instock","10":"taxable","11":"shipping-taxable","12":"purchasable","13":"product-type-simple"},"yoast_head":"<!-- This site is optimized with the Yoast SEO plugin v26.9 - https:\/\/yoast.com\/product\/yoast-seo-wordpress\/ -->\n<title>P\u00e2te \u00e0 polir: X Paste - Absolute magnitude<\/title>\n<meta name=\"description\" content=\"Optez pour notre p\u00e2te \u00e0 polir pour un entretien rapide, pr\u00e9cis et \u00e9cologique de vos surfaces, assurant brillance et protection.\" \/>\n<meta name=\"robots\" content=\"index, follow, max-snippet:-1, max-image-preview:large, max-video-preview:-1\" \/>\n<link rel=\"canonical\" href=\"https:\/\/absolute-magnitude.com\/en\/product\/x-paste-pate-polir\/\" \/>\n<meta property=\"og:locale\" content=\"en_GB\" \/>\n<meta property=\"og:type\" content=\"article\" \/>\n<meta property=\"og:title\" content=\"P\u00e2te \u00e0 polir: X Paste - Absolute magnitude\" \/>\n<meta property=\"og:description\" content=\"Optez pour notre p\u00e2te \u00e0 polir pour un entretien rapide, pr\u00e9cis et \u00e9cologique de vos surfaces, assurant brillance et protection.\" \/>\n<meta property=\"og:url\" content=\"https:\/\/absolute-magnitude.com\/en\/product\/x-paste-pate-polir\/\" \/>\n<meta property=\"og:site_name\" content=\"Absolute magnitude\" \/>\n<meta property=\"article:modified_time\" content=\"2025-07-22T23:00:02+00:00\" \/>\n<meta property=\"og:image\" content=\"https:\/\/absolute-magnitude.com\/wp-content\/uploads\/2025\/01\/X-PASTE-F.png\" \/>\n\t<meta property=\"og:image:width\" content=\"1080\" \/>\n\t<meta property=\"og:image:height\" content=\"1080\" \/>\n\t<meta property=\"og:image:type\" content=\"image\/png\" \/>\n<meta name=\"twitter:card\" content=\"summary_large_image\" \/>\n<meta name=\"twitter:label1\" content=\"Estimated reading time\" \/>\n\t<meta name=\"twitter:data1\" content=\"2 minutes\" \/>\n<script type=\"application\/ld+json\" class=\"yoast-schema-graph\">{\"@context\":\"https:\/\/schema.org\",\"@graph\":[{\"@type\":\"WebPage\",\"@id\":\"https:\/\/absolute-magnitude.com\/produit\/x-paste-pate-polir\/\",\"url\":\"https:\/\/absolute-magnitude.com\/produit\/x-paste-pate-polir\/\",\"name\":\"P\u00e2te \u00e0 polir: X Paste - Absolute magnitude\",\"isPartOf\":{\"@id\":\"https:\/\/absolute-magnitude.com\/#website\"},\"primaryImageOfPage\":{\"@id\":\"https:\/\/absolute-magnitude.com\/produit\/x-paste-pate-polir\/#primaryimage\"},\"image\":{\"@id\":\"https:\/\/absolute-magnitude.com\/produit\/x-paste-pate-polir\/#primaryimage\"},\"thumbnailUrl\":\"https:\/\/absolute-magnitude.com\/wp-content\/uploads\/2025\/01\/X-PASTE-F.png\",\"datePublished\":\"2024-11-25T08:11:36+00:00\",\"dateModified\":\"2025-07-22T23:00:02+00:00\",\"description\":\"Optez pour notre p\u00e2te \u00e0 polir pour un entretien rapide, pr\u00e9cis et \u00e9cologique de vos surfaces, assurant brillance et protection.\",\"breadcrumb\":{\"@id\":\"https:\/\/absolute-magnitude.com\/produit\/x-paste-pate-polir\/#breadcrumb\"},\"inLanguage\":\"en-GB\",\"potentialAction\":[{\"@type\":\"ReadAction\",\"target\":[\"https:\/\/absolute-magnitude.com\/produit\/x-paste-pate-polir\/\"]}]},{\"@type\":\"ImageObject\",\"inLanguage\":\"en-GB\",\"@id\":\"https:\/\/absolute-magnitude.com\/produit\/x-paste-pate-polir\/#primaryimage\",\"url\":\"https:\/\/absolute-magnitude.com\/wp-content\/uploads\/2025\/01\/X-PASTE-F.png\",\"contentUrl\":\"https:\/\/absolute-magnitude.com\/wp-content\/uploads\/2025\/01\/X-PASTE-F.png\",\"width\":1080,\"height\":1080,\"caption\":\"X paste\"},{\"@type\":\"BreadcrumbList\",\"@id\":\"https:\/\/absolute-magnitude.com\/produit\/x-paste-pate-polir\/#breadcrumb\",\"itemListElement\":[{\"@type\":\"ListItem\",\"position\":1,\"name\":\"Accueil\",\"item\":\"https:\/\/absolute-magnitude.com\/\"},{\"@type\":\"ListItem\",\"position\":2,\"name\":\"Produits de nettoyage\",\"item\":\"https:\/\/absolute-magnitude.com\/produit-nettoyage\/\"},{\"@type\":\"ListItem\",\"position\":3,\"name\":\"X Paste\"}]},{\"@type\":\"WebSite\",\"@id\":\"https:\/\/absolute-magnitude.com\/#website\",\"url\":\"https:\/\/absolute-magnitude.com\/\",\"name\":\"Absolute magnitude\",\"description\":\"\",\"potentialAction\":[{\"@type\":\"SearchAction\",\"target\":{\"@type\":\"EntryPoint\",\"urlTemplate\":\"https:\/\/absolute-magnitude.com\/?s={search_term_string}\"},\"query-input\":{\"@type\":\"PropertyValueSpecification\",\"valueRequired\":true,\"valueName\":\"search_term_string\"}}],\"inLanguage\":\"en-GB\"}]}<\/script>\n<!-- \/ Yoast SEO plugin. -->","yoast_head_json":{"title":"P\u00e2te \u00e0 polir: X Paste - Absolute magnitude","description":"Optez pour notre p\u00e2te \u00e0 polir pour un entretien rapide, pr\u00e9cis et \u00e9cologique de vos surfaces, assurant brillance et protection.","robots":{"index":"index","follow":"follow","max-snippet":"max-snippet:-1","max-image-preview":"max-image-preview:large","max-video-preview":"max-video-preview:-1"},"canonical":"https:\/\/absolute-magnitude.com\/en\/product\/x-paste-pate-polir\/","og_locale":"en_GB","og_type":"article","og_title":"P\u00e2te \u00e0 polir: X Paste - Absolute magnitude","og_description":"Optez pour notre p\u00e2te \u00e0 polir pour un entretien rapide, pr\u00e9cis et \u00e9cologique de vos surfaces, assurant brillance et protection.","og_url":"https:\/\/absolute-magnitude.com\/en\/product\/x-paste-pate-polir\/","og_site_name":"Absolute magnitude","article_modified_time":"2025-07-22T23:00:02+00:00","og_image":[{"width":1080,"height":1080,"url":"https:\/\/absolute-magnitude.com\/wp-content\/uploads\/2025\/01\/X-PASTE-F.png","type":"image\/png"}],"twitter_card":"summary_large_image","twitter_misc":{"Estimated reading time":"2 minutes"},"schema":{"@context":"https:\/\/schema.org","@graph":[{"@type":"WebPage","@id":"https:\/\/absolute-magnitude.com\/produit\/x-paste-pate-polir\/","url":"https:\/\/absolute-magnitude.com\/produit\/x-paste-pate-polir\/","name":"P\u00e2te \u00e0 polir: X Paste - Absolute magnitude","isPartOf":{"@id":"https:\/\/absolute-magnitude.com\/#website"},"primaryImageOfPage":{"@id":"https:\/\/absolute-magnitude.com\/produit\/x-paste-pate-polir\/#primaryimage"},"image":{"@id":"https:\/\/absolute-magnitude.com\/produit\/x-paste-pate-polir\/#primaryimage"},"thumbnailUrl":"https:\/\/absolute-magnitude.com\/wp-content\/uploads\/2025\/01\/X-PASTE-F.png","datePublished":"2024-11-25T08:11:36+00:00","dateModified":"2025-07-22T23:00:02+00:00","description":"Optez pour notre p\u00e2te \u00e0 polir pour un entretien rapide, pr\u00e9cis et \u00e9cologique de vos surfaces, assurant brillance et protection.","breadcrumb":{"@id":"https:\/\/absolute-magnitude.com\/produit\/x-paste-pate-polir\/#breadcrumb"},"inLanguage":"en-GB","potentialAction":[{"@type":"ReadAction","target":["https:\/\/absolute-magnitude.com\/produit\/x-paste-pate-polir\/"]}]},{"@type":"ImageObject","inLanguage":"en-GB","@id":"https:\/\/absolute-magnitude.com\/produit\/x-paste-pate-polir\/#primaryimage","url":"https:\/\/absolute-magnitude.com\/wp-content\/uploads\/2025\/01\/X-PASTE-F.png","contentUrl":"https:\/\/absolute-magnitude.com\/wp-content\/uploads\/2025\/01\/X-PASTE-F.png","width":1080,"height":1080,"caption":"X paste"},{"@type":"BreadcrumbList","@id":"https:\/\/absolute-magnitude.com\/produit\/x-paste-pate-polir\/#breadcrumb","itemListElement":[{"@type":"ListItem","position":1,"name":"Accueil","item":"https:\/\/absolute-magnitude.com\/"},{"@type":"ListItem","position":2,"name":"Produits de nettoyage","item":"https:\/\/absolute-magnitude.com\/produit-nettoyage\/"},{"@type":"ListItem","position":3,"name":"X Paste"}]},{"@type":"WebSite","@id":"https:\/\/absolute-magnitude.com\/#website","url":"https:\/\/absolute-magnitude.com\/","name":"Absolute magnitude","description":"","potentialAction":[{"@type":"SearchAction","target":{"@type":"EntryPoint","urlTemplate":"https:\/\/absolute-magnitude.com\/?s={search_term_string}"},"query-input":{"@type":"PropertyValueSpecification","valueRequired":true,"valueName":"search_term_string"}}],"inLanguage":"en-GB"}]}},"_links":{"self":[{"href":"https:\/\/absolute-magnitude.com\/en\/wp-json\/wp\/v2\/product\/83","targetHints":{"allow":["GET"]}}],"collection":[{"href":"https:\/\/absolute-magnitude.com\/en\/wp-json\/wp\/v2\/product"}],"about":[{"href":"https:\/\/absolute-magnitude.com\/en\/wp-json\/wp\/v2\/types\/product"}],"replies":[{"embeddable":true,"href":"https:\/\/absolute-magnitude.com\/en\/wp-json\/wp\/v2\/comments?post=83"}],"wp:featuredmedia":[{"embeddable":true,"href":"https:\/\/absolute-magnitude.com\/en\/wp-json\/wp\/v2\/media\/2176"}],"wp:attachment":[{"href":"https:\/\/absolute-magnitude.com\/en\/wp-json\/wp\/v2\/media?parent=83"}],"wp:term":[{"taxonomy":"product_brand","embeddable":true,"href":"https:\/\/absolute-magnitude.com\/en\/wp-json\/wp\/v2\/product_brand?post=83"},{"taxonomy":"product_cat","embeddable":true,"href":"https:\/\/absolute-magnitude.com\/en\/wp-json\/wp\/v2\/product_cat?post=83"},{"taxonomy":"product_tag","embeddable":true,"href":"https:\/\/absolute-magnitude.com\/en\/wp-json\/wp\/v2\/product_tag?post=83"}],"curies":[{"name":"wp","href":"https:\/\/api.w.org\/{rel}","templated":true}]}}