{"id":82,"date":"2024-11-27T09:11:36","date_gmt":"2024-11-27T08:11:36","guid":{"rendered":"https:\/\/dev.absolute-magnitude.com\/?post_type=product&#038;p=82"},"modified":"2025-04-09T15:23:55","modified_gmt":"2025-04-09T13:23:55","slug":"eco-wash-ready-nettoyant-multi-usages","status":"publish","type":"product","link":"https:\/\/absolute-magnitude.com\/en\/product\/eco-wash-ready-nettoyant-multi-usages\/","title":{"rendered":"Eco-wash Ready to use 1 L"},"content":{"rendered":"<h3>Ecological multi-purpose cleaner<\/h3>\n<p>This ecological multi-purpose cleaning product will be your ally in your everyday cleaning tasks, as well as for more specific cleaning jobs that require a powerful yet surface-friendly product.<\/p>\n<p>Made from plant-based raw materials and high-quality surfactants, the product is non-toxic and easily biodegradable. It also meets the criteria and requirements of the international MARPOL convention.<\/p>\n<p>It has powerful degreasing properties, making it easy to remove stubborn stains such as grease, light oil, soot, dust and a host of organic matter.<\/p>\n<p>This versatile product is ideal for effectively cleaning all the surfaces on your boat, as well as your car, shoes, furniture, floors and many other surfaces without damaging them.<\/p>\n<p>The product is approved for food contact, so use it safely to clean your kitchen. If you run out of washing-up liquid, don't panic, you can use it too!<\/p>\n<p>You'll also benefit from its property of limiting the adhesion of mineral dirt (limescale, salt), which reduces the frequency of cleaning and makes it easier to clean afterwards.<\/p>\n<p><strong>Benefits:\u00a0<\/strong><\/p>\n<ul>\n<li>Ecolabel certified and biodegradable at 90%<\/li>\n<li>High-quality surfactants to reduce dirt build-up<\/li>\n<li>Versatile: can be used on a wide range of surfaces and in different sectors of activity<\/li>\n<\/ul>\n<hr \/>\n<h5><span style=\"color: #ff6600;\">Instructions for use:<\/span><\/h5>\n<p><em>-Exterior surfaces:<\/em>\u00a0Spray the product on or wash the surface to be cleaned, scrub and rinse with clean water.<\/p>\n<p><em>-Interior surfaces:<\/em>\u00a0Spray the product onto the surface to be cleaned, rub and then wipe the surface dry with a clean microfibre cloth.<\/p>\n<section class=\"related products\"><\/section>","protected":false},"excerpt":{"rendered":"<div class=\"woocommerce-product-details__short-description\">\n<p>Ecological multi-purpose cleaner<\/p>\n<\/div>","protected":false},"featured_media":2160,"comment_status":"closed","ping_status":"closed","template":"","meta":{"inline_featured_image":false},"product_brand":[],"product_cat":[19,32],"product_tag":[],"class_list":{"0":"post-82","1":"product","2":"type-product","3":"status-publish","4":"has-post-thumbnail","6":"product_cat-cleaning-products","7":"product_cat-eco-wash","9":"first","10":"instock","11":"taxable","12":"shipping-taxable","13":"purchasable","14":"product-type-simple"},"yoast_head":"<!-- This site is optimized with the Yoast SEO plugin v26.9 - https:\/\/yoast.com\/product\/yoast-seo-wordpress\/ -->\n<title>Nettoyant \u00e9cologique multi-usages - Absolute magnitude<\/title>\n<meta name=\"description\" content=\"D\u00e9couvrez notre nettoyant multi-usages efficace et \u00e9cologique pour toutes vos surfaces. Id\u00e9al pour une propret\u00e9 impeccable au quotidien.\" \/>\n<meta name=\"robots\" content=\"index, follow, max-snippet:-1, max-image-preview:large, max-video-preview:-1\" \/>\n<link rel=\"canonical\" href=\"https:\/\/absolute-magnitude.com\/en\/product\/eco-wash-ready-nettoyant-multi-usages\/\" \/>\n<meta property=\"og:locale\" content=\"en_GB\" \/>\n<meta property=\"og:type\" content=\"article\" \/>\n<meta property=\"og:title\" content=\"Nettoyant \u00e9cologique multi-usages - Absolute magnitude\" \/>\n<meta property=\"og:description\" content=\"D\u00e9couvrez notre nettoyant multi-usages efficace et \u00e9cologique pour toutes vos surfaces. Id\u00e9al pour une propret\u00e9 impeccable au quotidien.\" \/>\n<meta property=\"og:url\" content=\"https:\/\/absolute-magnitude.com\/en\/product\/eco-wash-ready-nettoyant-multi-usages\/\" \/>\n<meta property=\"og:site_name\" content=\"Absolute magnitude\" \/>\n<meta property=\"article:modified_time\" content=\"2025-04-09T13:23:55+00:00\" \/>\n<meta property=\"og:image\" content=\"https:\/\/absolute-magnitude.com\/wp-content\/uploads\/2025\/01\/EW-RTU-F.png\" \/>\n\t<meta property=\"og:image:width\" content=\"1080\" \/>\n\t<meta property=\"og:image:height\" content=\"1080\" \/>\n\t<meta property=\"og:image:type\" content=\"image\/png\" \/>\n<meta name=\"twitter:card\" content=\"summary_large_image\" \/>\n<meta name=\"twitter:label1\" content=\"Estimated reading time\" \/>\n\t<meta name=\"twitter:data1\" content=\"2 minutes\" \/>\n<script type=\"application\/ld+json\" class=\"yoast-schema-graph\">{\"@context\":\"https:\/\/schema.org\",\"@graph\":[{\"@type\":\"WebPage\",\"@id\":\"https:\/\/absolute-magnitude.com\/produit\/eco-wash-ready-nettoyant-multi-usages\/\",\"url\":\"https:\/\/absolute-magnitude.com\/produit\/eco-wash-ready-nettoyant-multi-usages\/\",\"name\":\"Nettoyant \u00e9cologique multi-usages - Absolute magnitude\",\"isPartOf\":{\"@id\":\"https:\/\/absolute-magnitude.com\/#website\"},\"primaryImageOfPage\":{\"@id\":\"https:\/\/absolute-magnitude.com\/produit\/eco-wash-ready-nettoyant-multi-usages\/#primaryimage\"},\"image\":{\"@id\":\"https:\/\/absolute-magnitude.com\/produit\/eco-wash-ready-nettoyant-multi-usages\/#primaryimage\"},\"thumbnailUrl\":\"https:\/\/absolute-magnitude.com\/wp-content\/uploads\/2025\/01\/EW-RTU-F.png\",\"datePublished\":\"2024-11-27T08:11:36+00:00\",\"dateModified\":\"2025-04-09T13:23:55+00:00\",\"description\":\"D\u00e9couvrez notre nettoyant multi-usages efficace et \u00e9cologique pour toutes vos surfaces. Id\u00e9al pour une propret\u00e9 impeccable au quotidien.\",\"breadcrumb\":{\"@id\":\"https:\/\/absolute-magnitude.com\/produit\/eco-wash-ready-nettoyant-multi-usages\/#breadcrumb\"},\"inLanguage\":\"en-GB\",\"potentialAction\":[{\"@type\":\"ReadAction\",\"target\":[\"https:\/\/absolute-magnitude.com\/produit\/eco-wash-ready-nettoyant-multi-usages\/\"]}]},{\"@type\":\"ImageObject\",\"inLanguage\":\"en-GB\",\"@id\":\"https:\/\/absolute-magnitude.com\/produit\/eco-wash-ready-nettoyant-multi-usages\/#primaryimage\",\"url\":\"https:\/\/absolute-magnitude.com\/wp-content\/uploads\/2025\/01\/EW-RTU-F.png\",\"contentUrl\":\"https:\/\/absolute-magnitude.com\/wp-content\/uploads\/2025\/01\/EW-RTU-F.png\",\"width\":1080,\"height\":1080,\"caption\":\"Eco Wash RTU\"},{\"@type\":\"BreadcrumbList\",\"@id\":\"https:\/\/absolute-magnitude.com\/produit\/eco-wash-ready-nettoyant-multi-usages\/#breadcrumb\",\"itemListElement\":[{\"@type\":\"ListItem\",\"position\":1,\"name\":\"Accueil\",\"item\":\"https:\/\/absolute-magnitude.com\/\"},{\"@type\":\"ListItem\",\"position\":2,\"name\":\"Produits de nettoyage\",\"item\":\"https:\/\/absolute-magnitude.com\/produit-nettoyage\/\"},{\"@type\":\"ListItem\",\"position\":3,\"name\":\"Eco-wash Ready to use 1 L\"}]},{\"@type\":\"WebSite\",\"@id\":\"https:\/\/absolute-magnitude.com\/#website\",\"url\":\"https:\/\/absolute-magnitude.com\/\",\"name\":\"Absolute magnitude\",\"description\":\"\",\"potentialAction\":[{\"@type\":\"SearchAction\",\"target\":{\"@type\":\"EntryPoint\",\"urlTemplate\":\"https:\/\/absolute-magnitude.com\/?s={search_term_string}\"},\"query-input\":{\"@type\":\"PropertyValueSpecification\",\"valueRequired\":true,\"valueName\":\"search_term_string\"}}],\"inLanguage\":\"en-GB\"}]}<\/script>\n<!-- \/ Yoast SEO plugin. -->","yoast_head_json":{"title":"Ecological multi-purpose cleaner - Absolute magnitude","description":"Discover our effective, environmentally-friendly multi-purpose cleaner for all your surfaces. Ideal for impeccable everyday cleanliness.","robots":{"index":"index","follow":"follow","max-snippet":"max-snippet:-1","max-image-preview":"max-image-preview:large","max-video-preview":"max-video-preview:-1"},"canonical":"https:\/\/absolute-magnitude.com\/en\/product\/eco-wash-ready-nettoyant-multi-usages\/","og_locale":"en_GB","og_type":"article","og_title":"Nettoyant \u00e9cologique multi-usages - Absolute magnitude","og_description":"D\u00e9couvrez notre nettoyant multi-usages efficace et \u00e9cologique pour toutes vos surfaces. Id\u00e9al pour une propret\u00e9 impeccable au quotidien.","og_url":"https:\/\/absolute-magnitude.com\/en\/product\/eco-wash-ready-nettoyant-multi-usages\/","og_site_name":"Absolute magnitude","article_modified_time":"2025-04-09T13:23:55+00:00","og_image":[{"width":1080,"height":1080,"url":"https:\/\/absolute-magnitude.com\/wp-content\/uploads\/2025\/01\/EW-RTU-F.png","type":"image\/png"}],"twitter_card":"summary_large_image","twitter_misc":{"Estimated reading time":"2 minutes"},"schema":{"@context":"https:\/\/schema.org","@graph":[{"@type":"WebPage","@id":"https:\/\/absolute-magnitude.com\/produit\/eco-wash-ready-nettoyant-multi-usages\/","url":"https:\/\/absolute-magnitude.com\/produit\/eco-wash-ready-nettoyant-multi-usages\/","name":"Ecological multi-purpose cleaner - Absolute magnitude","isPartOf":{"@id":"https:\/\/absolute-magnitude.com\/#website"},"primaryImageOfPage":{"@id":"https:\/\/absolute-magnitude.com\/produit\/eco-wash-ready-nettoyant-multi-usages\/#primaryimage"},"image":{"@id":"https:\/\/absolute-magnitude.com\/produit\/eco-wash-ready-nettoyant-multi-usages\/#primaryimage"},"thumbnailUrl":"https:\/\/absolute-magnitude.com\/wp-content\/uploads\/2025\/01\/EW-RTU-F.png","datePublished":"2024-11-27T08:11:36+00:00","dateModified":"2025-04-09T13:23:55+00:00","description":"Discover our effective, environmentally-friendly multi-purpose cleaner for all your surfaces. Ideal for impeccable everyday cleanliness.","breadcrumb":{"@id":"https:\/\/absolute-magnitude.com\/produit\/eco-wash-ready-nettoyant-multi-usages\/#breadcrumb"},"inLanguage":"en-GB","potentialAction":[{"@type":"ReadAction","target":["https:\/\/absolute-magnitude.com\/produit\/eco-wash-ready-nettoyant-multi-usages\/"]}]},{"@type":"ImageObject","inLanguage":"en-GB","@id":"https:\/\/absolute-magnitude.com\/produit\/eco-wash-ready-nettoyant-multi-usages\/#primaryimage","url":"https:\/\/absolute-magnitude.com\/wp-content\/uploads\/2025\/01\/EW-RTU-F.png","contentUrl":"https:\/\/absolute-magnitude.com\/wp-content\/uploads\/2025\/01\/EW-RTU-F.png","width":1080,"height":1080,"caption":"Eco Wash RTU"},{"@type":"BreadcrumbList","@id":"https:\/\/absolute-magnitude.com\/produit\/eco-wash-ready-nettoyant-multi-usages\/#breadcrumb","itemListElement":[{"@type":"ListItem","position":1,"name":"Accueil","item":"https:\/\/absolute-magnitude.com\/"},{"@type":"ListItem","position":2,"name":"Produits de nettoyage","item":"https:\/\/absolute-magnitude.com\/produit-nettoyage\/"},{"@type":"ListItem","position":3,"name":"Eco-wash Ready to use 1 L"}]},{"@type":"WebSite","@id":"https:\/\/absolute-magnitude.com\/#website","url":"https:\/\/absolute-magnitude.com\/","name":"Absolute magnitude","description":"","potentialAction":[{"@type":"SearchAction","target":{"@type":"EntryPoint","urlTemplate":"https:\/\/absolute-magnitude.com\/?s={search_term_string}"},"query-input":{"@type":"PropertyValueSpecification","valueRequired":true,"valueName":"search_term_string"}}],"inLanguage":"en-GB"}]}},"_links":{"self":[{"href":"https:\/\/absolute-magnitude.com\/en\/wp-json\/wp\/v2\/product\/82","targetHints":{"allow":["GET"]}}],"collection":[{"href":"https:\/\/absolute-magnitude.com\/en\/wp-json\/wp\/v2\/product"}],"about":[{"href":"https:\/\/absolute-magnitude.com\/en\/wp-json\/wp\/v2\/types\/product"}],"replies":[{"embeddable":true,"href":"https:\/\/absolute-magnitude.com\/en\/wp-json\/wp\/v2\/comments?post=82"}],"wp:featuredmedia":[{"embeddable":true,"href":"https:\/\/absolute-magnitude.com\/en\/wp-json\/wp\/v2\/media\/2160"}],"wp:attachment":[{"href":"https:\/\/absolute-magnitude.com\/en\/wp-json\/wp\/v2\/media?parent=82"}],"wp:term":[{"taxonomy":"product_brand","embeddable":true,"href":"https:\/\/absolute-magnitude.com\/en\/wp-json\/wp\/v2\/product_brand?post=82"},{"taxonomy":"product_cat","embeddable":true,"href":"https:\/\/absolute-magnitude.com\/en\/wp-json\/wp\/v2\/product_cat?post=82"},{"taxonomy":"product_tag","embeddable":true,"href":"https:\/\/absolute-magnitude.com\/en\/wp-json\/wp\/v2\/product_tag?post=82"}],"curies":[{"name":"wp","href":"https:\/\/api.w.org\/{rel}","templated":true}]}}