{"id":81,"date":"2024-11-27T09:11:36","date_gmt":"2024-11-27T08:11:36","guid":{"rendered":"https:\/\/dev.absolute-magnitude.com\/?post_type=product&#038;p=81"},"modified":"2025-07-23T01:00:03","modified_gmt":"2025-07-22T23:00:03","slug":"eco-wash-nettoyant-ecologique-multi-usages","status":"publish","type":"product","link":"https:\/\/absolute-magnitude.com\/en\/product\/eco-wash-nettoyant-ecologique-multi-usages\/","title":{"rendered":"Eco-wash concentrate"},"content":{"rendered":"<h3>Ecological multi-purpose cleaner<\/h3>\n<p><span style=\"font-weight: 400;\">This ecological multi-purpose cleaning product will be your ally in all your cleaning tasks.\u00a0<\/span><\/p>\n<p><span style=\"font-weight: 400;\">Made from plant-based raw materials and high-quality surfactants, the product is non-toxic and easily biodegradable. It also meets the criteria and requirements of the international MARPOL convention.\u00a0<\/span><\/p>\n<p><span style=\"font-weight: 400;\">It has powerful degreasing properties, making it easy to remove stubborn stains such as grease, light oil, soot, dust and a host of organic matter.\u00a0<\/span><\/p>\n<p><span style=\"font-weight: 400;\">This versatile product is ideal for effectively cleaning all your boat's surfaces (hulls, deck, windows, stainless steel, galley, etc.) as well as your car, shoes, furniture, floors and many other surfaces without damaging them.\u00a0<\/span><\/p>\n<p><span style=\"font-weight: 400;\">The product is approved for food contact, so use it safely to clean your kitchen. If you run out of washing-up liquid, don't panic, you can use it too!\u00a0<\/span><\/p>\n<p><span style=\"font-weight: 400;\">You'll also benefit from its property of limiting the adhesion of mineral dirt (limescale, salt), which reduces the frequency of cleaning and makes it easier to clean afterwards.\u00a0<\/span><\/p>\n<p><span style=\"font-weight: 400;\">Ultra concentrated, the product requires less water in its manufacturing process and is easier to store, making it a wise choice for boaters concerned about conserving resources. By choosing these products, you're not only saving money by buying fewer products, you're preventing the over-consumption of plastic, you're conserving space on your boat, but most importantly, you're saving the marine life that inhabits these waters.<\/span><\/p>\n<hr \/>\n<h5><span style=\"color: #ff6600;\"><b>Instructions for use:\u00a0<\/b><\/span><\/h5>\n<p><span style=\"color: #00ccff;\"><b>1st stage: dilution<\/b><\/span><\/p>\n<p><i><span style=\"font-weight: 400;\">For exterior cleaning, prepare your solution in a bucket. For interior cleaning, prepare your solution in a spray bottle.<\/span><\/i><\/p>\n<ol>\n<li style=\"font-weight: 400;\" aria-level=\"1\"><span style=\"font-weight: 400;\">Start by shaking the container well to distribute the surfactants evenly.<\/span><\/li>\n<li style=\"font-weight: 400;\" aria-level=\"1\"><span style=\"font-weight: 400;\">Depending on the dirtiness of the surface to be cleaned, dilute between 5 and 10% with water.\u00a0<\/span><\/li>\n<li style=\"font-weight: 400;\" aria-level=\"1\"><span style=\"font-weight: 400;\">Mix gently until foamy\u00a0<\/span><\/li>\n<\/ol>\n<p><i><span style=\"font-weight: 400;\">Depending on the dilution you use, 1 litre of concentrated product is equivalent to between 5 and 10 litres of finished product.<\/span><\/i><\/p>\n<p><span style=\"color: #00ccff;\"><b>2nd step: cleaning\u00a0<\/b><\/span><\/p>\n<p><span style=\"color: #000000;\">-Exterior surfaces:\u00a0<\/span><\/p>\n<ol>\n<li style=\"font-weight: 400;\" aria-level=\"1\"><span style=\"font-weight: 400;\">Dip your glove or brush into the bucket to soak it in the solution.\u00a0<\/span><\/li>\n<li style=\"font-weight: 400;\" aria-level=\"1\"><span style=\"font-weight: 400;\">Apply to the surface to be cleaned and rub in (always works best with a little elbow grease \ud83d\ude0c).<\/span><\/li>\n<li style=\"font-weight: 400;\" aria-level=\"1\"><span style=\"font-weight: 400;\">Rinse with clean water and make sure there is no residue of the solution.<\/span><\/li>\n<\/ol>\n<p><span style=\"color: #000000;\">-Interior surfaces:\u00a0<\/span><\/p>\n<ol>\n<li style=\"font-weight: 400;\" aria-level=\"1\"><span style=\"font-weight: 400;\">Spray the product onto the surface to be cleaned<\/span><\/li>\n<li style=\"font-weight: 400;\" aria-level=\"1\"><span style=\"font-weight: 400;\">Scrub the surface with a sponge or microfibre cloth.<\/span><\/li>\n<li style=\"font-weight: 400;\" aria-level=\"1\"><span style=\"font-weight: 400;\">Rinse with water if necessary<\/span><\/li>\n<\/ol>\n<p><strong>Expert advice:\u00a0<\/strong><\/p>\n<p><span style=\"font-weight: 400;\">Depending on the type of cleaning you do, it may not be necessary to rinse the surface. <\/span><span style=\"font-weight: 400;\">For example, if you're \"swiping\" the dining table or a piece of furniture that's a bit dusty, apply a small dose of product and don't bother rinsing.\u00a0<\/span><span style=\"font-weight: 400;\">On the other hand, if you're cleaning your heavily soiled worktop after making your Sunday lunch, then apply a little more product and rinse.<\/span><\/p>\n<p><span style=\"font-weight: 400;\">Of course, if you use it as a washing-up liquid, rinse thoroughly.<\/span><\/p>","protected":false},"excerpt":{"rendered":"<p><span style=\"font-weight: 400;\">Ecological multi-purpose cleaner<\/span><\/p>","protected":false},"featured_media":2163,"comment_status":"closed","ping_status":"closed","template":"","meta":{"inline_featured_image":false},"product_brand":[],"product_cat":[29,19,32],"product_tag":[],"class_list":{"0":"post-81","1":"product","2":"type-product","3":"status-publish","4":"has-post-thumbnail","6":"product_cat-best-seller","7":"product_cat-cleaning-products","8":"product_cat-eco-wash","10":"first","11":"instock","12":"taxable","13":"shipping-taxable","14":"purchasable","15":"product-type-variable"},"yoast_head":"<!-- This site is optimized with the Yoast SEO plugin v26.9 - https:\/\/yoast.com\/product\/yoast-seo-wordpress\/ -->\n<title>Nettoyant \u00e9cologique multi-usages : Eco wash - Absolute magnitude<\/title>\n<meta name=\"description\" content=\"D\u00e9couvrez notre nettoyant \u00e9cologique multi-usages, puissant et respectueux de l&#039;environnement, id\u00e9al pour un nettoyage efficace et durable.\" \/>\n<meta name=\"robots\" content=\"index, follow, max-snippet:-1, max-image-preview:large, max-video-preview:-1\" \/>\n<link rel=\"canonical\" href=\"https:\/\/absolute-magnitude.com\/en\/product\/eco-wash-nettoyant-ecologique-multi-usages\/\" \/>\n<meta property=\"og:locale\" content=\"en_GB\" \/>\n<meta property=\"og:type\" content=\"article\" \/>\n<meta property=\"og:title\" content=\"Nettoyant \u00e9cologique multi-usages : Eco wash - Absolute magnitude\" \/>\n<meta property=\"og:description\" content=\"D\u00e9couvrez notre nettoyant \u00e9cologique multi-usages, puissant et respectueux de l&#039;environnement, id\u00e9al pour un nettoyage efficace et durable.\" \/>\n<meta property=\"og:url\" content=\"https:\/\/absolute-magnitude.com\/en\/product\/eco-wash-nettoyant-ecologique-multi-usages\/\" \/>\n<meta property=\"og:site_name\" content=\"Absolute magnitude\" \/>\n<meta property=\"article:modified_time\" content=\"2025-07-22T23:00:03+00:00\" \/>\n<meta property=\"og:image\" content=\"https:\/\/absolute-magnitude.com\/wp-content\/uploads\/2025\/01\/EW5-F.png\" \/>\n\t<meta property=\"og:image:width\" content=\"1080\" \/>\n\t<meta property=\"og:image:height\" content=\"1080\" \/>\n\t<meta property=\"og:image:type\" content=\"image\/png\" \/>\n<meta name=\"twitter:card\" content=\"summary_large_image\" \/>\n<meta name=\"twitter:label1\" content=\"Estimated reading time\" \/>\n\t<meta name=\"twitter:data1\" content=\"3 minutes\" \/>\n<script type=\"application\/ld+json\" class=\"yoast-schema-graph\">{\"@context\":\"https:\/\/schema.org\",\"@graph\":[{\"@type\":\"WebPage\",\"@id\":\"https:\/\/absolute-magnitude.com\/produit\/eco-wash-nettoyant-ecologique-multi-usages\/\",\"url\":\"https:\/\/absolute-magnitude.com\/produit\/eco-wash-nettoyant-ecologique-multi-usages\/\",\"name\":\"Nettoyant \u00e9cologique multi-usages : Eco wash - Absolute magnitude\",\"isPartOf\":{\"@id\":\"https:\/\/absolute-magnitude.com\/#website\"},\"primaryImageOfPage\":{\"@id\":\"https:\/\/absolute-magnitude.com\/produit\/eco-wash-nettoyant-ecologique-multi-usages\/#primaryimage\"},\"image\":{\"@id\":\"https:\/\/absolute-magnitude.com\/produit\/eco-wash-nettoyant-ecologique-multi-usages\/#primaryimage\"},\"thumbnailUrl\":\"https:\/\/absolute-magnitude.com\/wp-content\/uploads\/2025\/01\/EW5-F.png\",\"datePublished\":\"2024-11-27T08:11:36+00:00\",\"dateModified\":\"2025-07-22T23:00:03+00:00\",\"description\":\"D\u00e9couvrez notre nettoyant \u00e9cologique multi-usages, puissant et respectueux de l'environnement, id\u00e9al pour un nettoyage efficace et durable.\",\"breadcrumb\":{\"@id\":\"https:\/\/absolute-magnitude.com\/produit\/eco-wash-nettoyant-ecologique-multi-usages\/#breadcrumb\"},\"inLanguage\":\"en-GB\",\"potentialAction\":[{\"@type\":\"ReadAction\",\"target\":[\"https:\/\/absolute-magnitude.com\/produit\/eco-wash-nettoyant-ecologique-multi-usages\/\"]}]},{\"@type\":\"ImageObject\",\"inLanguage\":\"en-GB\",\"@id\":\"https:\/\/absolute-magnitude.com\/produit\/eco-wash-nettoyant-ecologique-multi-usages\/#primaryimage\",\"url\":\"https:\/\/absolute-magnitude.com\/wp-content\/uploads\/2025\/01\/EW5-F.png\",\"contentUrl\":\"https:\/\/absolute-magnitude.com\/wp-content\/uploads\/2025\/01\/EW5-F.png\",\"width\":1080,\"height\":1080,\"caption\":\"Eco Wash 1L\"},{\"@type\":\"BreadcrumbList\",\"@id\":\"https:\/\/absolute-magnitude.com\/produit\/eco-wash-nettoyant-ecologique-multi-usages\/#breadcrumb\",\"itemListElement\":[{\"@type\":\"ListItem\",\"position\":1,\"name\":\"Accueil\",\"item\":\"https:\/\/absolute-magnitude.com\/\"},{\"@type\":\"ListItem\",\"position\":2,\"name\":\"Produits de nettoyage\",\"item\":\"https:\/\/absolute-magnitude.com\/produit-nettoyage\/\"},{\"@type\":\"ListItem\",\"position\":3,\"name\":\"Eco-wash concentr\u00e9\"}]},{\"@type\":\"WebSite\",\"@id\":\"https:\/\/absolute-magnitude.com\/#website\",\"url\":\"https:\/\/absolute-magnitude.com\/\",\"name\":\"Absolute magnitude\",\"description\":\"\",\"potentialAction\":[{\"@type\":\"SearchAction\",\"target\":{\"@type\":\"EntryPoint\",\"urlTemplate\":\"https:\/\/absolute-magnitude.com\/?s={search_term_string}\"},\"query-input\":{\"@type\":\"PropertyValueSpecification\",\"valueRequired\":true,\"valueName\":\"search_term_string\"}}],\"inLanguage\":\"en-GB\"}]}<\/script>\n<!-- \/ Yoast SEO plugin. -->","yoast_head_json":{"title":"Nettoyant \u00e9cologique multi-usages : Eco wash - Absolute magnitude","description":"D\u00e9couvrez notre nettoyant \u00e9cologique multi-usages, puissant et respectueux de l'environnement, id\u00e9al pour un nettoyage efficace et durable.","robots":{"index":"index","follow":"follow","max-snippet":"max-snippet:-1","max-image-preview":"max-image-preview:large","max-video-preview":"max-video-preview:-1"},"canonical":"https:\/\/absolute-magnitude.com\/en\/product\/eco-wash-nettoyant-ecologique-multi-usages\/","og_locale":"en_GB","og_type":"article","og_title":"Nettoyant \u00e9cologique multi-usages : Eco wash - Absolute magnitude","og_description":"D\u00e9couvrez notre nettoyant \u00e9cologique multi-usages, puissant et respectueux de l'environnement, id\u00e9al pour un nettoyage efficace et durable.","og_url":"https:\/\/absolute-magnitude.com\/en\/product\/eco-wash-nettoyant-ecologique-multi-usages\/","og_site_name":"Absolute magnitude","article_modified_time":"2025-07-22T23:00:03+00:00","og_image":[{"width":1080,"height":1080,"url":"https:\/\/absolute-magnitude.com\/wp-content\/uploads\/2025\/01\/EW5-F.png","type":"image\/png"}],"twitter_card":"summary_large_image","twitter_misc":{"Estimated reading time":"3 minutes"},"schema":{"@context":"https:\/\/schema.org","@graph":[{"@type":"WebPage","@id":"https:\/\/absolute-magnitude.com\/produit\/eco-wash-nettoyant-ecologique-multi-usages\/","url":"https:\/\/absolute-magnitude.com\/produit\/eco-wash-nettoyant-ecologique-multi-usages\/","name":"Nettoyant \u00e9cologique multi-usages : Eco wash - Absolute magnitude","isPartOf":{"@id":"https:\/\/absolute-magnitude.com\/#website"},"primaryImageOfPage":{"@id":"https:\/\/absolute-magnitude.com\/produit\/eco-wash-nettoyant-ecologique-multi-usages\/#primaryimage"},"image":{"@id":"https:\/\/absolute-magnitude.com\/produit\/eco-wash-nettoyant-ecologique-multi-usages\/#primaryimage"},"thumbnailUrl":"https:\/\/absolute-magnitude.com\/wp-content\/uploads\/2025\/01\/EW5-F.png","datePublished":"2024-11-27T08:11:36+00:00","dateModified":"2025-07-22T23:00:03+00:00","description":"D\u00e9couvrez notre nettoyant \u00e9cologique multi-usages, puissant et respectueux de l'environnement, id\u00e9al pour un nettoyage efficace et durable.","breadcrumb":{"@id":"https:\/\/absolute-magnitude.com\/produit\/eco-wash-nettoyant-ecologique-multi-usages\/#breadcrumb"},"inLanguage":"en-GB","potentialAction":[{"@type":"ReadAction","target":["https:\/\/absolute-magnitude.com\/produit\/eco-wash-nettoyant-ecologique-multi-usages\/"]}]},{"@type":"ImageObject","inLanguage":"en-GB","@id":"https:\/\/absolute-magnitude.com\/produit\/eco-wash-nettoyant-ecologique-multi-usages\/#primaryimage","url":"https:\/\/absolute-magnitude.com\/wp-content\/uploads\/2025\/01\/EW5-F.png","contentUrl":"https:\/\/absolute-magnitude.com\/wp-content\/uploads\/2025\/01\/EW5-F.png","width":1080,"height":1080,"caption":"Eco Wash 1L"},{"@type":"BreadcrumbList","@id":"https:\/\/absolute-magnitude.com\/produit\/eco-wash-nettoyant-ecologique-multi-usages\/#breadcrumb","itemListElement":[{"@type":"ListItem","position":1,"name":"Accueil","item":"https:\/\/absolute-magnitude.com\/"},{"@type":"ListItem","position":2,"name":"Produits de nettoyage","item":"https:\/\/absolute-magnitude.com\/produit-nettoyage\/"},{"@type":"ListItem","position":3,"name":"Eco-wash concentr\u00e9"}]},{"@type":"WebSite","@id":"https:\/\/absolute-magnitude.com\/#website","url":"https:\/\/absolute-magnitude.com\/","name":"Absolute magnitude","description":"","potentialAction":[{"@type":"SearchAction","target":{"@type":"EntryPoint","urlTemplate":"https:\/\/absolute-magnitude.com\/?s={search_term_string}"},"query-input":{"@type":"PropertyValueSpecification","valueRequired":true,"valueName":"search_term_string"}}],"inLanguage":"en-GB"}]}},"_links":{"self":[{"href":"https:\/\/absolute-magnitude.com\/en\/wp-json\/wp\/v2\/product\/81","targetHints":{"allow":["GET"]}}],"collection":[{"href":"https:\/\/absolute-magnitude.com\/en\/wp-json\/wp\/v2\/product"}],"about":[{"href":"https:\/\/absolute-magnitude.com\/en\/wp-json\/wp\/v2\/types\/product"}],"replies":[{"embeddable":true,"href":"https:\/\/absolute-magnitude.com\/en\/wp-json\/wp\/v2\/comments?post=81"}],"wp:featuredmedia":[{"embeddable":true,"href":"https:\/\/absolute-magnitude.com\/en\/wp-json\/wp\/v2\/media\/2163"}],"wp:attachment":[{"href":"https:\/\/absolute-magnitude.com\/en\/wp-json\/wp\/v2\/media?parent=81"}],"wp:term":[{"taxonomy":"product_brand","embeddable":true,"href":"https:\/\/absolute-magnitude.com\/en\/wp-json\/wp\/v2\/product_brand?post=81"},{"taxonomy":"product_cat","embeddable":true,"href":"https:\/\/absolute-magnitude.com\/en\/wp-json\/wp\/v2\/product_cat?post=81"},{"taxonomy":"product_tag","embeddable":true,"href":"https:\/\/absolute-magnitude.com\/en\/wp-json\/wp\/v2\/product_tag?post=81"}],"curies":[{"name":"wp","href":"https:\/\/api.w.org\/{rel}","templated":true}]}}