{"id":79,"date":"2024-11-26T09:11:36","date_gmt":"2024-11-26T08:11:36","guid":{"rendered":"https:\/\/dev.absolute-magnitude.com\/?post_type=product&#038;p=79"},"modified":"2025-07-23T01:00:03","modified_gmt":"2025-07-22T23:00:03","slug":"alpha-detartrant","status":"publish","type":"product","link":"https:\/\/absolute-magnitude.com\/en\/product\/alpha-detartrant\/","title":{"rendered":"Alpha"},"content":{"rendered":"<h4>Ecological cleaner and descaler!<\/h4>\n<p><span style=\"font-weight: 400;\">This effective, environmentally-friendly cleaning product will help you get rid of all mineral-based soiling on a daily basis.<\/span><\/p>\n<p><span style=\"font-weight: 400;\">This category includes all non-organic dirt such as limescale, scale, salt and rust. These are particularly sticky, so it's essential to use a product with an acidic pH to remove them.<\/span><\/p>\n<p><span style=\"font-weight: 400;\">Inspired by the cleaning power of citrus acid, we've developed Alpha, a descaling cleaner based on citric acid and lactic acid, which are natural, biodegradable 100% ingredients offering powerful action. Our Ecolabel-certified formula meets the criteria and requirements of the international MARPOL convention.\u00a0<\/span><\/p>\n<p><span style=\"font-weight: 400;\">This versatile product makes it easy to remove mineral soiling from both the exterior surfaces of your boat and the interior of your bathroom or galley.<\/span><\/p>\n<p><span style=\"font-weight: 400;\">Unlike synthetic chemicals, Alpha is gentle on the surfaces and materials to which it is applied, which is why it can thoroughly clean glass, stainless steel, paint, gelcoat, plastic, ceramics and many other surfaces.\u00a0<\/span><\/p>\n<p><span style=\"font-weight: 400;\">To make your daily life easier, the product's unique composition offers water-repellent properties that slow down the clinging of contamination to surfaces cleaned with Alpha.<\/span><\/p>\n<hr \/>\n<h5><span style=\"color: #ff6600;\"><b>Instructions for use:\u00a0<\/b><\/span><\/h5>\n<h5><span style=\"color: #00ccff;\">Step 1: Dilution<\/span><\/h5>\n<p><i><span style=\"font-weight: 400;\">For exterior cleaning, prepare your solution in a bucket. For interior cleaning, prepare your solution in a spray bottle.<\/span><\/i><\/p>\n<ol>\n<li style=\"font-weight: 400;\" aria-level=\"1\"><span style=\"font-weight: 400;\">Start by shaking the container well to distribute the surfactants evenly.<\/span><\/li>\n<li style=\"font-weight: 400;\" aria-level=\"1\"><span style=\"font-weight: 400;\">For extremely deep-seated contamination: use pure<\/span><\/li>\n<li style=\"font-weight: 400;\" aria-level=\"1\"><span style=\"font-weight: 400;\">For daily maintenance use: dilute between 5 and 10% with water.<\/span><\/li>\n<li style=\"font-weight: 400;\" aria-level=\"1\"><span style=\"font-weight: 400;\">Mix gently to make the solution homogeneous<\/span><\/li>\n<\/ol>\n<h5><span style=\"color: #00ccff;\"><b>2nd step: cleaning\u00a0<\/b><\/span><\/h5>\n<p><span style=\"font-weight: 400;\">-Exterior surfaces:<\/span><span style=\"font-weight: 400;\">\u00a0<\/span><\/p>\n<ol>\n<li style=\"font-weight: 400;\" aria-level=\"1\"><span style=\"font-weight: 400;\">Dip your glove or brush into the bucket to soak it in the solution.\u00a0<\/span><\/li>\n<li style=\"font-weight: 400;\" aria-level=\"1\"><span style=\"font-weight: 400;\">Apply to the surface to be cleaned, leave to work and then rub in (always works best with a little elbow grease \ud83d\ude0c).<\/span><\/li>\n<li style=\"font-weight: 400;\" aria-level=\"1\"><span style=\"font-weight: 400;\">Rinse thoroughly with clean water and make sure there is no residue of the solution.<\/span><\/li>\n<\/ol>\n<p><span style=\"font-weight: 400;\">-Interior surfaces:\u00a0<\/span><\/p>\n<ol>\n<li style=\"font-weight: 400;\" aria-level=\"1\"><span style=\"font-weight: 400;\">Spray the product onto the surface to be cleaned<\/span><\/li>\n<li style=\"font-weight: 400;\" aria-level=\"1\"><span style=\"font-weight: 400;\">Leave to act, then rub the surface with a sponge or microfibre cloth if necessary.<\/span><\/li>\n<li style=\"font-weight: 400;\" aria-level=\"1\"><span style=\"font-weight: 400;\">Rinse thoroughly with water\u00a0<\/span><\/li>\n<\/ol>\n<hr \/>\n<p><span style=\"text-decoration: underline;\"><b>Expert advice:\u00a0<\/b><\/span><\/p>\n<p><span style=\"font-weight: 400;\">Depending on the degree of contamination of the surface you wish to clean, it may not be necessary to scrub the surface. <\/span><span style=\"font-weight: 400;\">For example, if you regularly maintain your taps, all you need to do is spray on the product, leave it to work and then simply rinse it off to leave your surface spotless.\u00a0<\/span><span style=\"font-weight: 400;\">On the other hand, if you're cleaning the outside windows of a boat that hasn't been cleaned for a long time, rub vigorously and repeat the operation until the surface is free of contamination. <\/span><\/p>\n<section class=\"related products\"><\/section>","protected":false},"excerpt":{"rendered":"<p><span style=\"font-weight: 400;\">Ecological multi-surface cleaner and descaler<\/span><\/p>","protected":false},"featured_media":2151,"comment_status":"closed","ping_status":"closed","template":"","meta":{"inline_featured_image":false},"product_brand":[],"product_cat":[19],"product_tag":[],"class_list":{"0":"post-79","1":"product","2":"type-product","3":"status-publish","4":"has-post-thumbnail","6":"product_cat-cleaning-products","8":"first","9":"instock","10":"taxable","11":"shipping-taxable","12":"purchasable","13":"product-type-variable"},"yoast_head":"<!-- This site is optimized with the Yoast SEO plugin v26.9 - https:\/\/yoast.com\/product\/yoast-seo-wordpress\/ -->\n<title>D\u00e9tartrant et nettoyant \u00e9cologique: Alpha - Absolute magnitude<\/title>\n<meta name=\"description\" content=\"D\u00e9couvrez notre d\u00e9tartrant puissant, id\u00e9al pour \u00e9liminer efficacement le calcaire et autres d\u00e9p\u00f4ts. Formule \u00e9cologique et s\u00fbre pour toutes vos surfaces.\" \/>\n<meta name=\"robots\" content=\"index, follow, max-snippet:-1, max-image-preview:large, max-video-preview:-1\" \/>\n<link rel=\"canonical\" href=\"https:\/\/absolute-magnitude.com\/en\/product\/alpha-detartrant\/\" \/>\n<meta property=\"og:locale\" content=\"en_GB\" \/>\n<meta property=\"og:type\" content=\"article\" \/>\n<meta property=\"og:title\" content=\"D\u00e9tartrant et nettoyant \u00e9cologique: Alpha - Absolute magnitude\" \/>\n<meta property=\"og:description\" content=\"D\u00e9couvrez notre d\u00e9tartrant puissant, id\u00e9al pour \u00e9liminer efficacement le calcaire et autres d\u00e9p\u00f4ts. Formule \u00e9cologique et s\u00fbre pour toutes vos surfaces.\" \/>\n<meta property=\"og:url\" content=\"https:\/\/absolute-magnitude.com\/en\/product\/alpha-detartrant\/\" \/>\n<meta property=\"og:site_name\" content=\"Absolute magnitude\" \/>\n<meta property=\"article:modified_time\" content=\"2025-07-22T23:00:03+00:00\" \/>\n<meta property=\"og:image\" content=\"https:\/\/absolute-magnitude.com\/wp-content\/uploads\/2025\/01\/Alpha-1L-F.png\" \/>\n\t<meta property=\"og:image:width\" content=\"1080\" \/>\n\t<meta property=\"og:image:height\" content=\"1080\" \/>\n\t<meta property=\"og:image:type\" content=\"image\/png\" \/>\n<meta name=\"twitter:card\" content=\"summary_large_image\" \/>\n<meta name=\"twitter:label1\" content=\"Estimated reading time\" \/>\n\t<meta name=\"twitter:data1\" content=\"3 minutes\" \/>\n<script type=\"application\/ld+json\" class=\"yoast-schema-graph\">{\"@context\":\"https:\/\/schema.org\",\"@graph\":[{\"@type\":\"WebPage\",\"@id\":\"https:\/\/absolute-magnitude.com\/produit\/alpha-detartrant\/\",\"url\":\"https:\/\/absolute-magnitude.com\/produit\/alpha-detartrant\/\",\"name\":\"D\u00e9tartrant et nettoyant \u00e9cologique: Alpha - Absolute magnitude\",\"isPartOf\":{\"@id\":\"https:\/\/absolute-magnitude.com\/#website\"},\"primaryImageOfPage\":{\"@id\":\"https:\/\/absolute-magnitude.com\/produit\/alpha-detartrant\/#primaryimage\"},\"image\":{\"@id\":\"https:\/\/absolute-magnitude.com\/produit\/alpha-detartrant\/#primaryimage\"},\"thumbnailUrl\":\"https:\/\/absolute-magnitude.com\/wp-content\/uploads\/2025\/01\/Alpha-1L-F.png\",\"datePublished\":\"2024-11-26T08:11:36+00:00\",\"dateModified\":\"2025-07-22T23:00:03+00:00\",\"description\":\"D\u00e9couvrez notre d\u00e9tartrant puissant, id\u00e9al pour \u00e9liminer efficacement le calcaire et autres d\u00e9p\u00f4ts. Formule \u00e9cologique et s\u00fbre pour toutes vos surfaces.\",\"breadcrumb\":{\"@id\":\"https:\/\/absolute-magnitude.com\/produit\/alpha-detartrant\/#breadcrumb\"},\"inLanguage\":\"en-GB\",\"potentialAction\":[{\"@type\":\"ReadAction\",\"target\":[\"https:\/\/absolute-magnitude.com\/produit\/alpha-detartrant\/\"]}]},{\"@type\":\"ImageObject\",\"inLanguage\":\"en-GB\",\"@id\":\"https:\/\/absolute-magnitude.com\/produit\/alpha-detartrant\/#primaryimage\",\"url\":\"https:\/\/absolute-magnitude.com\/wp-content\/uploads\/2025\/01\/Alpha-1L-F.png\",\"contentUrl\":\"https:\/\/absolute-magnitude.com\/wp-content\/uploads\/2025\/01\/Alpha-1L-F.png\",\"width\":1080,\"height\":1080,\"caption\":\"Alpha 1L D\u00e9tartrant \u00e9cologique\"},{\"@type\":\"BreadcrumbList\",\"@id\":\"https:\/\/absolute-magnitude.com\/produit\/alpha-detartrant\/#breadcrumb\",\"itemListElement\":[{\"@type\":\"ListItem\",\"position\":1,\"name\":\"Accueil\",\"item\":\"https:\/\/absolute-magnitude.com\/\"},{\"@type\":\"ListItem\",\"position\":2,\"name\":\"Produits de nettoyage\",\"item\":\"https:\/\/absolute-magnitude.com\/produit-nettoyage\/\"},{\"@type\":\"ListItem\",\"position\":3,\"name\":\"Alpha\"}]},{\"@type\":\"WebSite\",\"@id\":\"https:\/\/absolute-magnitude.com\/#website\",\"url\":\"https:\/\/absolute-magnitude.com\/\",\"name\":\"Absolute magnitude\",\"description\":\"\",\"potentialAction\":[{\"@type\":\"SearchAction\",\"target\":{\"@type\":\"EntryPoint\",\"urlTemplate\":\"https:\/\/absolute-magnitude.com\/?s={search_term_string}\"},\"query-input\":{\"@type\":\"PropertyValueSpecification\",\"valueRequired\":true,\"valueName\":\"search_term_string\"}}],\"inLanguage\":\"en-GB\"}]}<\/script>\n<!-- \/ Yoast SEO plugin. -->","yoast_head_json":{"title":"D\u00e9tartrant et nettoyant \u00e9cologique: Alpha - Absolute magnitude","description":"D\u00e9couvrez notre d\u00e9tartrant puissant, id\u00e9al pour \u00e9liminer efficacement le calcaire et autres d\u00e9p\u00f4ts. Formule \u00e9cologique et s\u00fbre pour toutes vos surfaces.","robots":{"index":"index","follow":"follow","max-snippet":"max-snippet:-1","max-image-preview":"max-image-preview:large","max-video-preview":"max-video-preview:-1"},"canonical":"https:\/\/absolute-magnitude.com\/en\/product\/alpha-detartrant\/","og_locale":"en_GB","og_type":"article","og_title":"D\u00e9tartrant et nettoyant \u00e9cologique: Alpha - Absolute magnitude","og_description":"D\u00e9couvrez notre d\u00e9tartrant puissant, id\u00e9al pour \u00e9liminer efficacement le calcaire et autres d\u00e9p\u00f4ts. Formule \u00e9cologique et s\u00fbre pour toutes vos surfaces.","og_url":"https:\/\/absolute-magnitude.com\/en\/product\/alpha-detartrant\/","og_site_name":"Absolute magnitude","article_modified_time":"2025-07-22T23:00:03+00:00","og_image":[{"width":1080,"height":1080,"url":"https:\/\/absolute-magnitude.com\/wp-content\/uploads\/2025\/01\/Alpha-1L-F.png","type":"image\/png"}],"twitter_card":"summary_large_image","twitter_misc":{"Estimated reading time":"3 minutes"},"schema":{"@context":"https:\/\/schema.org","@graph":[{"@type":"WebPage","@id":"https:\/\/absolute-magnitude.com\/produit\/alpha-detartrant\/","url":"https:\/\/absolute-magnitude.com\/produit\/alpha-detartrant\/","name":"D\u00e9tartrant et nettoyant \u00e9cologique: Alpha - Absolute magnitude","isPartOf":{"@id":"https:\/\/absolute-magnitude.com\/#website"},"primaryImageOfPage":{"@id":"https:\/\/absolute-magnitude.com\/produit\/alpha-detartrant\/#primaryimage"},"image":{"@id":"https:\/\/absolute-magnitude.com\/produit\/alpha-detartrant\/#primaryimage"},"thumbnailUrl":"https:\/\/absolute-magnitude.com\/wp-content\/uploads\/2025\/01\/Alpha-1L-F.png","datePublished":"2024-11-26T08:11:36+00:00","dateModified":"2025-07-22T23:00:03+00:00","description":"D\u00e9couvrez notre d\u00e9tartrant puissant, id\u00e9al pour \u00e9liminer efficacement le calcaire et autres d\u00e9p\u00f4ts. Formule \u00e9cologique et s\u00fbre pour toutes vos surfaces.","breadcrumb":{"@id":"https:\/\/absolute-magnitude.com\/produit\/alpha-detartrant\/#breadcrumb"},"inLanguage":"en-GB","potentialAction":[{"@type":"ReadAction","target":["https:\/\/absolute-magnitude.com\/produit\/alpha-detartrant\/"]}]},{"@type":"ImageObject","inLanguage":"en-GB","@id":"https:\/\/absolute-magnitude.com\/produit\/alpha-detartrant\/#primaryimage","url":"https:\/\/absolute-magnitude.com\/wp-content\/uploads\/2025\/01\/Alpha-1L-F.png","contentUrl":"https:\/\/absolute-magnitude.com\/wp-content\/uploads\/2025\/01\/Alpha-1L-F.png","width":1080,"height":1080,"caption":"Alpha 1L D\u00e9tartrant \u00e9cologique"},{"@type":"BreadcrumbList","@id":"https:\/\/absolute-magnitude.com\/produit\/alpha-detartrant\/#breadcrumb","itemListElement":[{"@type":"ListItem","position":1,"name":"Accueil","item":"https:\/\/absolute-magnitude.com\/"},{"@type":"ListItem","position":2,"name":"Produits de nettoyage","item":"https:\/\/absolute-magnitude.com\/produit-nettoyage\/"},{"@type":"ListItem","position":3,"name":"Alpha"}]},{"@type":"WebSite","@id":"https:\/\/absolute-magnitude.com\/#website","url":"https:\/\/absolute-magnitude.com\/","name":"Absolute magnitude","description":"","potentialAction":[{"@type":"SearchAction","target":{"@type":"EntryPoint","urlTemplate":"https:\/\/absolute-magnitude.com\/?s={search_term_string}"},"query-input":{"@type":"PropertyValueSpecification","valueRequired":true,"valueName":"search_term_string"}}],"inLanguage":"en-GB"}]}},"_links":{"self":[{"href":"https:\/\/absolute-magnitude.com\/en\/wp-json\/wp\/v2\/product\/79","targetHints":{"allow":["GET"]}}],"collection":[{"href":"https:\/\/absolute-magnitude.com\/en\/wp-json\/wp\/v2\/product"}],"about":[{"href":"https:\/\/absolute-magnitude.com\/en\/wp-json\/wp\/v2\/types\/product"}],"replies":[{"embeddable":true,"href":"https:\/\/absolute-magnitude.com\/en\/wp-json\/wp\/v2\/comments?post=79"}],"wp:featuredmedia":[{"embeddable":true,"href":"https:\/\/absolute-magnitude.com\/en\/wp-json\/wp\/v2\/media\/2151"}],"wp:attachment":[{"href":"https:\/\/absolute-magnitude.com\/en\/wp-json\/wp\/v2\/media?parent=79"}],"wp:term":[{"taxonomy":"product_brand","embeddable":true,"href":"https:\/\/absolute-magnitude.com\/en\/wp-json\/wp\/v2\/product_brand?post=79"},{"taxonomy":"product_cat","embeddable":true,"href":"https:\/\/absolute-magnitude.com\/en\/wp-json\/wp\/v2\/product_cat?post=79"},{"taxonomy":"product_tag","embeddable":true,"href":"https:\/\/absolute-magnitude.com\/en\/wp-json\/wp\/v2\/product_tag?post=79"}],"curies":[{"name":"wp","href":"https:\/\/api.w.org\/{rel}","templated":true}]}}