{"id":73,"date":"2024-11-27T09:11:35","date_gmt":"2024-11-27T08:11:35","guid":{"rendered":"https:\/\/dev.absolute-magnitude.com\/?post_type=product&#038;p=73"},"modified":"2025-07-23T01:00:03","modified_gmt":"2025-07-22T23:00:03","slug":"absolute-teak-traitement-bois","status":"publish","type":"product","link":"https:\/\/absolute-magnitude.com\/en\/product\/absolute-teak-traitement-bois\/","title":{"rendered":"Absolute Teak"},"content":{"rendered":"<h4><span style=\"font-weight: 400;\">Invisible teak protection treatment<\/span><\/h4>\n<p><span style=\"font-weight: 400;\">This invisible solvent-based protective treatment for exotic woods (teak, Iroko, etc.) provides effective, long-lasting protection against weathering, UV A &amp; B, pollution, stains (grease, oil, etc.) and many other types of dirt.<\/span><\/p>\n<p><span style=\"font-weight: 400;\">The product works by impregnating the wood, penetrating deeply without altering the natural colours of the wood or damaging the joints (tested and approved to ISO 37 standard on Sika\ufb02ex 290). It also maintains a non-slip surface for the comfort of users.<\/span><\/p>\n<p><span style=\"font-weight: 400;\">In addition to protection, Absolute Teak provides a hydrophobic effect on the treated surface and considerably slows down the wear and greying of the wood thanks to a UV \ufb01lter.\u00a0<\/span><\/p>\n<p><span style=\"font-weight: 400;\">To make maintenance easier, it limits the growth of algae, moss and mould.<\/span><\/p>\n<p><span style=\"font-weight: 400;\">It can be used on various exotic woods (teak, Iroko, etc.) and on different surfaces such as terraces, decks, furniture, etc.<\/span><\/p>\n<hr \/>\n<h5><span style=\"color: #ff9900;\">Instructions for use:<\/span><\/h5>\n<p><span style=\"font-weight: 400;\">Before applying the protective treatment, it is essential to clean the surface (phases 1 &amp; 2) and make sure it is completely dry.\u00a0<\/span><\/p>\n<p><span style=\"font-weight: 400;\">Application temperature:<\/span><span style=\"font-weight: 400;\"> between 10 and 25 \u00b0C<\/span><\/p>\n<p><span style=\"font-weight: 400;\">Coverage: +\/- 20 m2 per litre\u00a0<\/span><\/p>\n<h5><span style=\"color: #00ccff;\">Application\u00a0<\/span><\/h5>\n<ol>\n<li style=\"font-weight: 400;\" aria-level=\"1\"><span style=\"font-weight: 400;\">Shake the container to distribute the molecules<\/span><\/li>\n<li style=\"font-weight: 400;\" aria-level=\"1\"><span style=\"font-weight: 400;\">Apply the product generously with a brush, spray gun or roller in the direction of the wood.<\/span><\/li>\n<li style=\"font-weight: 400;\" aria-level=\"1\"><span style=\"font-weight: 400;\">Leave to dry for at least 1 hour\u00a0<\/span><\/li>\n<\/ol>\n<p><span style=\"font-weight: 400;\">It is important to protect the surface from water and other elements for at least 24 hours to allow the product to dry thoroughly.\u00a0<\/span><\/p>\n<p><span style=\"font-weight: 400;\">To ensure optimum protection, we recommend applying the product at least twice a year. <\/span><\/p>","protected":false},"excerpt":{"rendered":"<div class=\"woocommerce-product-details__short-description\">\n<p>Invisible teak protection treatment<\/p>\n<\/div>\n<form class=\"variations_form cart\" style=\"box-sizing: border-box; margin-bottom: 2em; color: #141414; font-family: Roboto; font-size: 16px; font-style: normal; font-variant-ligatures: normal; font-variant-caps: normal; font-weight: 400; letter-spacing: normal; orphans: 2; text-align: left; text-indent: 0px; text-transform: none; widows: 2; word-spacing: 0px; -webkit-text-stroke-width: 0px; white-space: normal; background-color: #ffffff; text-decoration-thickness: initial; text-decoration-style: initial; text-decoration-color: initial;\" action=\"https:\/\/absolute-magnitude.com\/en\/fr\/product\/absolut-teak\/\" enctype=\"multipart\/form-data\" method=\"post\" data-product_id=\"2104\" data-product_variations=\"[{&quot;attributes&quot;:{&quot;attribute_volume&quot;:&quot;5 liters&quot;},&quot;availability_html&quot;:&quot;&quot;,&quot;backorders_allowed&quot;:false,&quot;dimensions&quot;:{&quot;length&quot;:&quot;25.5&quot;,&quot;width&quot;:&quot;17.5&quot;,&quot;height&quot;:&quot;15.5&quot;},&quot;dimensions_html&quot;:&quot;25.5 &amp;times; 17.5 &amp;times; 15.5 cm&quot;,&quot;display_price&quot;:245.45,&quot;display_regular_price&quot;:245.45,&quot;image&quot;:{&quot;title&quot;:&quot;Absolute Teak&quot;,&quot;caption&quot;:&quot;Wood treatment&quot;,&quot;url&quot;:&quot;https:\\\/\\\/absolute-magnitude.com\\\/wp-content\\\/uploads\\\/2023\\\/07\\\/Absolute-Teak.png&quot;,&quot;alt&quot;:&quot;Absolute Teak 5L&quot;,&quot;src&quot;:&quot;https:\\\/\\\/absolute-magnitude.com\\\/wp-content\\\/uploads\\\/2023\\\/07\\\/Absolute-Teak-600x538.png&quot;,&quot;srcset&quot;:&quot;https:\\\/\\\/absolute-magnitude.com\\\/wp-content\\\/uploads\\\/2023\\\/07\\\/Absolute-Teak-600x538.png 600w, https:\\\/\\\/absolute-magnitude.com\\\/wp-content\\\/uploads\\\/2023\\\/07\\\/Absolute-Teak-300x269.png 300w, https:\\\/\\\/absolute-magnitude.com\\\/wp-content\\\/uploads\\\/2023\\\/07\\\/Absolute-Teak-1024x918.png 1024w, https:\\\/\\\/absolute-magnitude.com\\\/wp-content\\\/uploads\\\/2023\\\/07\\\/Absolute-Teak-768x689.png 768w, https:\\\/\\\/absolute-magnitude.com\\\/wp-content\\\/uploads\\\/2023\\\/07\\\/Absolute-Teak.png 1462w&quot;,&quot;sizes&quot;:&quot;(max-width: 600px) 100vw, 600px&quot;,&quot;full_src&quot;:&quot;https:\\\/\\\/absolute-magnitude.com\\\/wp-content\\\/uploads\\\/2023\\\/07\\\/Absolute-Teak.png&quot;,&quot;full_src_w&quot;:1462,&quot;full_src_h&quot;:1311,&quot;gallery_thumbnail_src&quot;:&quot;https:\\\/\\\/absolute-magnitude.com\\\/wp-content\\\/uploads\\\/2023\\\/07\\\/Absolute-Teak-100x100.png&quot;,&quot;gallery_thumbnail_src_w&quot;:100,&quot;gallery_thumbnail_src_h&quot;:100,&quot;thumb_src&quot;:&quot;https:\\\/\\\/absolute-magnitude.com\\\/wp-content\\\/uploads\\\/2023\\\/07\\\/Absolute-Teak-300x300.png&quot;,&quot;thumb_src_w&quot;:300,&quot;thumb_src_h&quot;:300,&quot;src_w&quot;:600,&quot;src_h&quot;:538},&quot;image_id&quot;:3237,&quot;is_downloadable&quot;:false,&quot;is_in_stock&quot;:true,&quot;is_purchasable&quot;:true,&quot;is_sold_individually&quot;:&quot;no&quot;,&quot;is_virtual&quot;:false,&quot;max_qty&quot;:&quot;&quot;,&quot;min_qty&quot;:1,&quot;price_html&quot;:&quot;&lt;span class=\\&quot;price\\&quot;&gt;&lt;span class=\\&quot;woocommerce-Price-amount amount\\&quot;&gt;&lt;bdi&gt;245.45&lt;span class=\\&quot;woocommerce-Price-currencySymbol\\&quot;&gt;&amp;euro;&lt;\\\/span&gt;&lt;\\\/bdi&gt;&lt;\\\/span&gt;&lt;\\\/span&gt;&quot;,&quot;sku&quot;:&quot;AMAT1&quot;,&quot;variation_description&quot;:&quot;&quot;,&quot;variation_id&quot;:3232,&quot;variation_is_active&quot;:true,&quot;variation_is_visible&quot;:true,&quot;weight&quot;:&quot;4.9&quot;,&quot;weight_html&quot;:&quot;4.9 kg&quot;},{&quot;attributes&quot;:{&quot;attribute_volume&quot;:&quot;1 liter&quot;},&quot;availability_html&quot;:&quot;&quot;,&quot;backorders_allowed&quot;:false,&quot;dimensions&quot;:{&quot;length&quot;:&quot;25.5&quot;,&quot;width&quot;:&quot;17.5&quot;,&quot;height&quot;:&quot;15.5&quot;},&quot;dimensions_html&quot;:&quot;25.5 &amp;times; 17.5 &amp;times; 15.5 cm&quot;,&quot;display_price&quot;:63.5,&quot;display_regular_price&quot;:63.5,&quot;image&quot;:{&quot;title&quot;:&quot;Absolute Teak 1L&quot;,&quot;caption&quot;:&quot;Wood treatment&quot;,&quot;url&quot;:&quot;https:\\\/\\\/absolute-magnitude.com\\\/wp-content\\\/uploads\\\/2023\\\/07\\\/Absolute-Teak-1L.png&quot;,&quot;alt&quot;:&quot;Absolute Teak 1L&quot;,&quot;src&quot;:&quot;https:\\\/\\\/absolute-magnitude.com\\\/wp-content\\\/uploads\\\/2023\\\/07\\\/Absolute-Teak-1L-600x480.png&quot;,&quot;srcset&quot;:&quot;https:\\\/\\\/absolute-magnitude.com\\\/wp-content\\\/uploads\\\/2023\\\/07\\\/Absolute-Teak-1L-600x480.png 600w, https:\\\/\\\/absolute-magnitude.com\\\/wp-content\\\/uploads\\\/2023\\\/07\\\/Absolute-Teak-1L-300x240.png 300w, https:\\\/\\\/absolute-magnitude.com\\\/wp-content\\\/uploads\\\/2023\\\/07\\\/Absolute-Teak-1L-1024x819.png 1024w, https:\\\/\\\/absolute-magnitude.com\\\/wp-content\\\/uploads\\\/2023\\\/07\\\/Absolute-Teak-1L-768x614.png 768w, https:\\\/\\\/absolute-magnitude.com\\\/wp-content\\\/uploads\\\/2023\\\/07\\\/Absolute-Teak-1L-1536x1229.png 1536w, https:\\\/\\\/absolute-magnitude.com\\\/wp-content\\\/uploads\\\/2023\\\/07\\\/Absolute-Teak-1L.png 2000w&quot;,&quot;sizes&quot;:&quot;(max-width: 600px) 100vw, 600px&quot;,&quot;full_src&quot;:&quot;https:\\\/\\\/absolute-magnitude.com\\\/wp-content\\\/uploads\\\/2023\\\/07\\\/Absolute-Teak-1L.png&quot;,&quot;full_src_w&quot;:2000,&quot;full_src_h&quot;:1600,&quot;gallery_thumbnail_src&quot;:&quot;https:\\\/\\\/absolute-magnitude.com\\\/wp-content\\\/uploads\\\/2023\\\/07\\\/Absolute-Teak-1L-100x100.png&quot;,&quot;gallery_thumbnail_src_w&quot;:100,&quot;gallery_thumbnail_src_h&quot;:100,&quot;thumb_src&quot;:&quot;https:\\\/\\\/absolute-magnitude.com\\\/wp-content\\\/uploads\\\/2023\\\/07\\\/Absolute-Teak-1L-300x300.png&quot;,&quot;thumb_src_w&quot;:300,&quot;thumb_src_h&quot;:300,&quot;src_w&quot;:600,&quot;src_h&quot;:480},&quot;image_id&quot;:3235,&quot;is_downloadable&quot;:false,&quot;is_in_stock&quot;:true,&quot;is_purchasable&quot;:true,&quot;is_sold_individually&quot;:&quot;no&quot;,&quot;is_virtual&quot;:false,&quot;max_qty&quot;:&quot;&quot;,&quot;min_qty&quot;:1,&quot;price_html&quot;:&quot;&lt;span class=\\&quot;price\\&quot;&gt;&lt;span class=\\&quot;woocommerce-Price-amount amount\\&quot;&gt;&lt;bdi&gt;63.50&lt;span class=\\&quot;woocommerce-Price-currencySymbol\\&quot;&gt;&amp;euro;&lt;\\\/span&gt;&lt;\\\/bdi&gt;&lt;\\\/span&gt;&lt;\\\/span&gt;&quot;,&quot;sku&quot;:&quot;AMAT&quot;,&quot;variation_description&quot;:&quot;&quot;,&quot;variation_id&quot;:3238,&quot;variation_is_active&quot;:true,&quot;variation_is_visible&quot;:true,&quot;weight&quot;:&quot;1&quot;,&quot;weight_html&quot;:&quot;1 kg&quot;}]\" data-trp-original-action=\"https:\/\/absolute-magnitude.com\/fr\/produit\/absolut-teak\/\"><input type=\"hidden\" name=\"trp-form-language\" value=\"en\"\/><\/form>","protected":false},"featured_media":2201,"comment_status":"closed","ping_status":"closed","template":"","meta":{"inline_featured_image":false},"product_brand":[],"product_cat":[29,18],"product_tag":[],"class_list":{"0":"post-73","1":"product","2":"type-product","3":"status-publish","4":"has-post-thumbnail","6":"product_cat-best-seller","7":"product_cat-surface-protection","8":"product_shipping_class-produit-dangereux","10":"first","11":"instock","12":"taxable","13":"shipping-taxable","14":"purchasable","15":"product-type-variable"},"yoast_head":"<!-- This site is optimized with the Yoast SEO plugin v26.9 - https:\/\/yoast.com\/product\/yoast-seo-wordpress\/ -->\n<title>Traitement de protection teck: Absolute Teak - Absolute magnitude<\/title>\n<meta name=\"description\" content=\"D\u00e9couvrez notre traitement de protection bois exotiques (teck, iroko..) pour embellir et assurer la long\u00e9vit\u00e9 de vos surfaces en bois.\" \/>\n<meta name=\"robots\" content=\"index, follow, max-snippet:-1, max-image-preview:large, max-video-preview:-1\" \/>\n<link rel=\"canonical\" href=\"https:\/\/absolute-magnitude.com\/en\/product\/absolute-teak-traitement-bois\/\" \/>\n<meta property=\"og:locale\" content=\"en_GB\" \/>\n<meta property=\"og:type\" content=\"article\" \/>\n<meta property=\"og:title\" content=\"Traitement de protection teck: Absolute Teak - Absolute magnitude\" \/>\n<meta property=\"og:description\" content=\"D\u00e9couvrez notre traitement de protection bois exotiques (teck, iroko..) pour embellir et assurer la long\u00e9vit\u00e9 de vos surfaces en bois.\" \/>\n<meta property=\"og:url\" content=\"https:\/\/absolute-magnitude.com\/en\/product\/absolute-teak-traitement-bois\/\" \/>\n<meta property=\"og:site_name\" content=\"Absolute magnitude\" \/>\n<meta property=\"article:modified_time\" content=\"2025-07-22T23:00:03+00:00\" \/>\n<meta property=\"og:image\" content=\"https:\/\/absolute-magnitude.com\/wp-content\/uploads\/2024\/11\/AMAT1-F-1.png\" \/>\n\t<meta property=\"og:image:width\" content=\"1080\" \/>\n\t<meta property=\"og:image:height\" content=\"1080\" \/>\n\t<meta property=\"og:image:type\" content=\"image\/png\" \/>\n<meta name=\"twitter:card\" content=\"summary_large_image\" \/>\n<meta name=\"twitter:label1\" content=\"Estimated reading time\" \/>\n\t<meta name=\"twitter:data1\" content=\"2 minutes\" \/>\n<script type=\"application\/ld+json\" class=\"yoast-schema-graph\">{\"@context\":\"https:\/\/schema.org\",\"@graph\":[{\"@type\":\"WebPage\",\"@id\":\"https:\/\/absolute-magnitude.com\/produit\/absolute-teak-traitement-bois\/\",\"url\":\"https:\/\/absolute-magnitude.com\/produit\/absolute-teak-traitement-bois\/\",\"name\":\"Traitement de protection teck: Absolute Teak - Absolute magnitude\",\"isPartOf\":{\"@id\":\"https:\/\/absolute-magnitude.com\/#website\"},\"primaryImageOfPage\":{\"@id\":\"https:\/\/absolute-magnitude.com\/produit\/absolute-teak-traitement-bois\/#primaryimage\"},\"image\":{\"@id\":\"https:\/\/absolute-magnitude.com\/produit\/absolute-teak-traitement-bois\/#primaryimage\"},\"thumbnailUrl\":\"https:\/\/absolute-magnitude.com\/wp-content\/uploads\/2024\/11\/AMAT1-F-1.png\",\"datePublished\":\"2024-11-27T08:11:35+00:00\",\"dateModified\":\"2025-07-22T23:00:03+00:00\",\"description\":\"D\u00e9couvrez notre traitement de protection bois exotiques (teck, iroko..) pour embellir et assurer la long\u00e9vit\u00e9 de vos surfaces en bois.\",\"breadcrumb\":{\"@id\":\"https:\/\/absolute-magnitude.com\/produit\/absolute-teak-traitement-bois\/#breadcrumb\"},\"inLanguage\":\"en-GB\",\"potentialAction\":[{\"@type\":\"ReadAction\",\"target\":[\"https:\/\/absolute-magnitude.com\/produit\/absolute-teak-traitement-bois\/\"]}]},{\"@type\":\"ImageObject\",\"inLanguage\":\"en-GB\",\"@id\":\"https:\/\/absolute-magnitude.com\/produit\/absolute-teak-traitement-bois\/#primaryimage\",\"url\":\"https:\/\/absolute-magnitude.com\/wp-content\/uploads\/2024\/11\/AMAT1-F-1.png\",\"contentUrl\":\"https:\/\/absolute-magnitude.com\/wp-content\/uploads\/2024\/11\/AMAT1-F-1.png\",\"width\":1080,\"height\":1080,\"caption\":\"Traitement-protection-bois\"},{\"@type\":\"BreadcrumbList\",\"@id\":\"https:\/\/absolute-magnitude.com\/produit\/absolute-teak-traitement-bois\/#breadcrumb\",\"itemListElement\":[{\"@type\":\"ListItem\",\"position\":1,\"name\":\"Accueil\",\"item\":\"https:\/\/absolute-magnitude.com\/\"},{\"@type\":\"ListItem\",\"position\":2,\"name\":\"Produits de nettoyage\",\"item\":\"https:\/\/absolute-magnitude.com\/produit-nettoyage\/\"},{\"@type\":\"ListItem\",\"position\":3,\"name\":\"Absolute Teak\"}]},{\"@type\":\"WebSite\",\"@id\":\"https:\/\/absolute-magnitude.com\/#website\",\"url\":\"https:\/\/absolute-magnitude.com\/\",\"name\":\"Absolute magnitude\",\"description\":\"\",\"potentialAction\":[{\"@type\":\"SearchAction\",\"target\":{\"@type\":\"EntryPoint\",\"urlTemplate\":\"https:\/\/absolute-magnitude.com\/?s={search_term_string}\"},\"query-input\":{\"@type\":\"PropertyValueSpecification\",\"valueRequired\":true,\"valueName\":\"search_term_string\"}}],\"inLanguage\":\"en-GB\"}]}<\/script>\n<!-- \/ Yoast SEO plugin. -->","yoast_head_json":{"title":"Traitement de protection teck: Absolute Teak - Absolute magnitude","description":"D\u00e9couvrez notre traitement de protection bois exotiques (teck, iroko..) pour embellir et assurer la long\u00e9vit\u00e9 de vos surfaces en bois.","robots":{"index":"index","follow":"follow","max-snippet":"max-snippet:-1","max-image-preview":"max-image-preview:large","max-video-preview":"max-video-preview:-1"},"canonical":"https:\/\/absolute-magnitude.com\/en\/product\/absolute-teak-traitement-bois\/","og_locale":"en_GB","og_type":"article","og_title":"Traitement de protection teck: Absolute Teak - Absolute magnitude","og_description":"D\u00e9couvrez notre traitement de protection bois exotiques (teck, iroko..) pour embellir et assurer la long\u00e9vit\u00e9 de vos surfaces en bois.","og_url":"https:\/\/absolute-magnitude.com\/en\/product\/absolute-teak-traitement-bois\/","og_site_name":"Absolute magnitude","article_modified_time":"2025-07-22T23:00:03+00:00","og_image":[{"width":1080,"height":1080,"url":"https:\/\/absolute-magnitude.com\/wp-content\/uploads\/2024\/11\/AMAT1-F-1.png","type":"image\/png"}],"twitter_card":"summary_large_image","twitter_misc":{"Estimated reading time":"2 minutes"},"schema":{"@context":"https:\/\/schema.org","@graph":[{"@type":"WebPage","@id":"https:\/\/absolute-magnitude.com\/produit\/absolute-teak-traitement-bois\/","url":"https:\/\/absolute-magnitude.com\/produit\/absolute-teak-traitement-bois\/","name":"Traitement de protection teck: Absolute Teak - Absolute magnitude","isPartOf":{"@id":"https:\/\/absolute-magnitude.com\/#website"},"primaryImageOfPage":{"@id":"https:\/\/absolute-magnitude.com\/produit\/absolute-teak-traitement-bois\/#primaryimage"},"image":{"@id":"https:\/\/absolute-magnitude.com\/produit\/absolute-teak-traitement-bois\/#primaryimage"},"thumbnailUrl":"https:\/\/absolute-magnitude.com\/wp-content\/uploads\/2024\/11\/AMAT1-F-1.png","datePublished":"2024-11-27T08:11:35+00:00","dateModified":"2025-07-22T23:00:03+00:00","description":"D\u00e9couvrez notre traitement de protection bois exotiques (teck, iroko..) pour embellir et assurer la long\u00e9vit\u00e9 de vos surfaces en bois.","breadcrumb":{"@id":"https:\/\/absolute-magnitude.com\/produit\/absolute-teak-traitement-bois\/#breadcrumb"},"inLanguage":"en-GB","potentialAction":[{"@type":"ReadAction","target":["https:\/\/absolute-magnitude.com\/produit\/absolute-teak-traitement-bois\/"]}]},{"@type":"ImageObject","inLanguage":"en-GB","@id":"https:\/\/absolute-magnitude.com\/produit\/absolute-teak-traitement-bois\/#primaryimage","url":"https:\/\/absolute-magnitude.com\/wp-content\/uploads\/2024\/11\/AMAT1-F-1.png","contentUrl":"https:\/\/absolute-magnitude.com\/wp-content\/uploads\/2024\/11\/AMAT1-F-1.png","width":1080,"height":1080,"caption":"Traitement-protection-bois"},{"@type":"BreadcrumbList","@id":"https:\/\/absolute-magnitude.com\/produit\/absolute-teak-traitement-bois\/#breadcrumb","itemListElement":[{"@type":"ListItem","position":1,"name":"Accueil","item":"https:\/\/absolute-magnitude.com\/"},{"@type":"ListItem","position":2,"name":"Produits de nettoyage","item":"https:\/\/absolute-magnitude.com\/produit-nettoyage\/"},{"@type":"ListItem","position":3,"name":"Absolute Teak"}]},{"@type":"WebSite","@id":"https:\/\/absolute-magnitude.com\/#website","url":"https:\/\/absolute-magnitude.com\/","name":"Absolute magnitude","description":"","potentialAction":[{"@type":"SearchAction","target":{"@type":"EntryPoint","urlTemplate":"https:\/\/absolute-magnitude.com\/?s={search_term_string}"},"query-input":{"@type":"PropertyValueSpecification","valueRequired":true,"valueName":"search_term_string"}}],"inLanguage":"en-GB"}]}},"_links":{"self":[{"href":"https:\/\/absolute-magnitude.com\/en\/wp-json\/wp\/v2\/product\/73","targetHints":{"allow":["GET"]}}],"collection":[{"href":"https:\/\/absolute-magnitude.com\/en\/wp-json\/wp\/v2\/product"}],"about":[{"href":"https:\/\/absolute-magnitude.com\/en\/wp-json\/wp\/v2\/types\/product"}],"replies":[{"embeddable":true,"href":"https:\/\/absolute-magnitude.com\/en\/wp-json\/wp\/v2\/comments?post=73"}],"wp:featuredmedia":[{"embeddable":true,"href":"https:\/\/absolute-magnitude.com\/en\/wp-json\/wp\/v2\/media\/2201"}],"wp:attachment":[{"href":"https:\/\/absolute-magnitude.com\/en\/wp-json\/wp\/v2\/media?parent=73"}],"wp:term":[{"taxonomy":"product_brand","embeddable":true,"href":"https:\/\/absolute-magnitude.com\/en\/wp-json\/wp\/v2\/product_brand?post=73"},{"taxonomy":"product_cat","embeddable":true,"href":"https:\/\/absolute-magnitude.com\/en\/wp-json\/wp\/v2\/product_cat?post=73"},{"taxonomy":"product_tag","embeddable":true,"href":"https:\/\/absolute-magnitude.com\/en\/wp-json\/wp\/v2\/product_tag?post=73"}],"curies":[{"name":"wp","href":"https:\/\/api.w.org\/{rel}","templated":true}]}}