{"id":72,"date":"2024-06-18T09:11:35","date_gmt":"2024-06-18T07:11:35","guid":{"rendered":"https:\/\/dev.absolute-magnitude.com\/?post_type=product&#038;p=72"},"modified":"2025-07-23T01:00:03","modified_gmt":"2025-07-22T23:00:03","slug":"eraser-spray-solvant-nettoyage","status":"publish","type":"product","link":"https:\/\/absolute-magnitude.com\/en\/product\/eraser-spray-solvant-nettoyage\/","title":{"rendered":"Eraser Spray"},"content":{"rendered":"<h3>Ecological solvent<\/h3>\n<p><span style=\"font-weight: 400;\">Eraser makes it easy to remove even the toughest dirt.\u00a0<\/span><\/p>\n<p><span style=\"font-weight: 400;\">Eraser cleaning sprays are soaked in a high-quality solvent formulated from natural, environmentally-friendly ingredients.\u00a0<\/span><\/p>\n<p><span style=\"font-weight: 400;\">Its powerful formula disintegrates so-called extreme soiling that clings to smooth surfaces. Whether it's glue residue, resin, graffiti, paint mist, markers, grease, tar, silicone or even ink, Eraser is the right product to help you with this type of cleaning. <\/span><span style=\"font-weight: 400;\"><br \/>\n<\/span><span style=\"font-weight: 400;\"><br \/>\n<\/span><span style=\"font-weight: 400;\">What's more, it can be used on a variety of surfaces on your boat without damaging them: gelcoat, stainless steel, glass, ceramic, paint, stone and even your hands! However, it is not recommended for use on transparent plastic surfaces or coloured materials (vinyl, leather). You can, however, carry out a test on a hidden area to see how the material reacts.<\/span><\/p>\n<hr \/>\n<h5><span style=\"color: #ff6600;\">Instructions for use:\u00a0<\/span><\/h5>\n<ol>\n<li style=\"font-weight: 400;\" aria-level=\"1\"><span style=\"font-weight: 400;\">Take your spray and a microfibre cloth with you.<\/span><\/li>\n<li style=\"font-weight: 400;\" aria-level=\"1\"><span style=\"font-weight: 400;\">Spray on the product and rub vigorously over the stain or dirt<\/span><\/li>\n<li style=\"font-weight: 400;\" aria-level=\"1\"><span style=\"font-weight: 400;\">Repeat the operation if necessary<\/span><\/li>\n<\/ol>\n<hr \/>\n<p><span style=\"text-decoration: underline;\"><b>Expert advice:\u00a0<\/b><\/span><\/p>\n<p><b>Tip 1:<\/b><span style=\"font-weight: 400;\"> We advise you to go slowly, spraying small quantities and repeating the operation accordingly.\u00a0<\/span><\/p>\n<p><b><\/b><b>Tip 2: <\/b><span style=\"font-weight: 400;\">The product may leave a greasy residue on the surface you have cleaned. We recommend that you remove the excess product with a dry microfibre cloth to ensure optimum results.\u00a0<\/span><\/p>","protected":false},"excerpt":{"rendered":"<div class=\"woocommerce-product-details__short-description\">\n<p>Ecological cleaning solvent<\/p>\n<\/div>","protected":false},"featured_media":2155,"comment_status":"closed","ping_status":"closed","template":"","meta":{"inline_featured_image":false},"product_brand":[],"product_cat":[19],"product_tag":[],"class_list":{"0":"post-72","1":"product","2":"type-product","3":"status-publish","4":"has-post-thumbnail","6":"product_cat-cleaning-products","8":"first","9":"instock","10":"taxable","11":"shipping-taxable","12":"purchasable","13":"product-type-simple"},"yoast_head":"<!-- This site is optimized with the Yoast SEO plugin v27.4 - https:\/\/yoast.com\/product\/yoast-seo-wordpress\/ -->\n<title>Solvant de nettoyage: Eraser Spray - Absolute magnitude<\/title>\n<meta name=\"description\" content=\"D\u00e9couvrez notre solvant de nettoyage puissant et \u00e9cologique, id\u00e9al pour \u00e9liminer les salissures tenaces sur diverses surfaces.\" \/>\n<meta name=\"robots\" content=\"index, follow, max-snippet:-1, max-image-preview:large, max-video-preview:-1\" \/>\n<link rel=\"canonical\" href=\"https:\/\/absolute-magnitude.com\/en\/product\/eraser-spray-solvant-nettoyage\/\" \/>\n<meta property=\"og:locale\" content=\"en_GB\" \/>\n<meta property=\"og:type\" content=\"article\" \/>\n<meta property=\"og:title\" content=\"Solvant de nettoyage: Eraser Spray - Absolute magnitude\" \/>\n<meta property=\"og:description\" content=\"D\u00e9couvrez notre solvant de nettoyage puissant et \u00e9cologique, id\u00e9al pour \u00e9liminer les salissures tenaces sur diverses surfaces.\" \/>\n<meta property=\"og:url\" content=\"https:\/\/absolute-magnitude.com\/en\/product\/eraser-spray-solvant-nettoyage\/\" \/>\n<meta property=\"og:site_name\" content=\"Absolute magnitude\" \/>\n<meta property=\"article:modified_time\" content=\"2025-07-22T23:00:03+00:00\" \/>\n<meta property=\"og:image\" content=\"https:\/\/absolute-magnitude.com\/wp-content\/uploads\/2025\/01\/Eraser-S-F.png\" \/>\n\t<meta property=\"og:image:width\" content=\"1080\" \/>\n\t<meta property=\"og:image:height\" content=\"1080\" \/>\n\t<meta property=\"og:image:type\" content=\"image\/png\" \/>\n<meta name=\"twitter:card\" content=\"summary_large_image\" \/>\n<meta name=\"twitter:label1\" content=\"Estimated reading time\" \/>\n\t<meta name=\"twitter:data1\" content=\"2 minutes\" \/>\n<script type=\"application\/ld+json\" class=\"yoast-schema-graph\">{\"@context\":\"https:\\\/\\\/schema.org\",\"@graph\":[{\"@type\":\"WebPage\",\"@id\":\"https:\\\/\\\/absolute-magnitude.com\\\/produit\\\/eraser-spray-solvant-nettoyage\\\/\",\"url\":\"https:\\\/\\\/absolute-magnitude.com\\\/produit\\\/eraser-spray-solvant-nettoyage\\\/\",\"name\":\"Solvant de nettoyage: Eraser Spray - Absolute magnitude\",\"isPartOf\":{\"@id\":\"https:\\\/\\\/absolute-magnitude.com\\\/#website\"},\"primaryImageOfPage\":{\"@id\":\"https:\\\/\\\/absolute-magnitude.com\\\/produit\\\/eraser-spray-solvant-nettoyage\\\/#primaryimage\"},\"image\":{\"@id\":\"https:\\\/\\\/absolute-magnitude.com\\\/produit\\\/eraser-spray-solvant-nettoyage\\\/#primaryimage\"},\"thumbnailUrl\":\"https:\\\/\\\/absolute-magnitude.com\\\/wp-content\\\/uploads\\\/2025\\\/01\\\/Eraser-S-F.png\",\"datePublished\":\"2024-06-18T07:11:35+00:00\",\"dateModified\":\"2025-07-22T23:00:03+00:00\",\"description\":\"D\u00e9couvrez notre solvant de nettoyage puissant et \u00e9cologique, id\u00e9al pour \u00e9liminer les salissures tenaces sur diverses surfaces.\",\"breadcrumb\":{\"@id\":\"https:\\\/\\\/absolute-magnitude.com\\\/produit\\\/eraser-spray-solvant-nettoyage\\\/#breadcrumb\"},\"inLanguage\":\"en-GB\",\"potentialAction\":[{\"@type\":\"ReadAction\",\"target\":[\"https:\\\/\\\/absolute-magnitude.com\\\/produit\\\/eraser-spray-solvant-nettoyage\\\/\"]}]},{\"@type\":\"ImageObject\",\"inLanguage\":\"en-GB\",\"@id\":\"https:\\\/\\\/absolute-magnitude.com\\\/produit\\\/eraser-spray-solvant-nettoyage\\\/#primaryimage\",\"url\":\"https:\\\/\\\/absolute-magnitude.com\\\/wp-content\\\/uploads\\\/2025\\\/01\\\/Eraser-S-F.png\",\"contentUrl\":\"https:\\\/\\\/absolute-magnitude.com\\\/wp-content\\\/uploads\\\/2025\\\/01\\\/Eraser-S-F.png\",\"width\":1080,\"height\":1080,\"caption\":\"Eraser Spray Solvant-\u00e9cologique\"},{\"@type\":\"BreadcrumbList\",\"@id\":\"https:\\\/\\\/absolute-magnitude.com\\\/produit\\\/eraser-spray-solvant-nettoyage\\\/#breadcrumb\",\"itemListElement\":[{\"@type\":\"ListItem\",\"position\":1,\"name\":\"Accueil\",\"item\":\"https:\\\/\\\/absolute-magnitude.com\\\/\"},{\"@type\":\"ListItem\",\"position\":2,\"name\":\"Produits de nettoyage\",\"item\":\"https:\\\/\\\/absolute-magnitude.com\\\/produit-nettoyage\\\/\"},{\"@type\":\"ListItem\",\"position\":3,\"name\":\"Eraser Spray\"}]},{\"@type\":\"WebSite\",\"@id\":\"https:\\\/\\\/absolute-magnitude.com\\\/#website\",\"url\":\"https:\\\/\\\/absolute-magnitude.com\\\/\",\"name\":\"Absolute magnitude\",\"description\":\"\",\"potentialAction\":[{\"@type\":\"SearchAction\",\"target\":{\"@type\":\"EntryPoint\",\"urlTemplate\":\"https:\\\/\\\/absolute-magnitude.com\\\/?s={search_term_string}\"},\"query-input\":{\"@type\":\"PropertyValueSpecification\",\"valueRequired\":true,\"valueName\":\"search_term_string\"}}],\"inLanguage\":\"en-GB\"}]}<\/script>\n<!-- \/ Yoast SEO plugin. -->","yoast_head_json":{"title":"Solvant de nettoyage: Eraser Spray - Absolute magnitude","description":"D\u00e9couvrez notre solvant de nettoyage puissant et \u00e9cologique, id\u00e9al pour \u00e9liminer les salissures tenaces sur diverses surfaces.","robots":{"index":"index","follow":"follow","max-snippet":"max-snippet:-1","max-image-preview":"max-image-preview:large","max-video-preview":"max-video-preview:-1"},"canonical":"https:\/\/absolute-magnitude.com\/en\/product\/eraser-spray-solvant-nettoyage\/","og_locale":"en_GB","og_type":"article","og_title":"Solvant de nettoyage: Eraser Spray - Absolute magnitude","og_description":"D\u00e9couvrez notre solvant de nettoyage puissant et \u00e9cologique, id\u00e9al pour \u00e9liminer les salissures tenaces sur diverses surfaces.","og_url":"https:\/\/absolute-magnitude.com\/en\/product\/eraser-spray-solvant-nettoyage\/","og_site_name":"Absolute magnitude","article_modified_time":"2025-07-22T23:00:03+00:00","og_image":[{"width":1080,"height":1080,"url":"https:\/\/absolute-magnitude.com\/wp-content\/uploads\/2025\/01\/Eraser-S-F.png","type":"image\/png"}],"twitter_card":"summary_large_image","twitter_misc":{"Estimated reading time":"2 minutes"},"schema":{"@context":"https:\/\/schema.org","@graph":[{"@type":"WebPage","@id":"https:\/\/absolute-magnitude.com\/produit\/eraser-spray-solvant-nettoyage\/","url":"https:\/\/absolute-magnitude.com\/produit\/eraser-spray-solvant-nettoyage\/","name":"Solvant de nettoyage: Eraser Spray - Absolute magnitude","isPartOf":{"@id":"https:\/\/absolute-magnitude.com\/#website"},"primaryImageOfPage":{"@id":"https:\/\/absolute-magnitude.com\/produit\/eraser-spray-solvant-nettoyage\/#primaryimage"},"image":{"@id":"https:\/\/absolute-magnitude.com\/produit\/eraser-spray-solvant-nettoyage\/#primaryimage"},"thumbnailUrl":"https:\/\/absolute-magnitude.com\/wp-content\/uploads\/2025\/01\/Eraser-S-F.png","datePublished":"2024-06-18T07:11:35+00:00","dateModified":"2025-07-22T23:00:03+00:00","description":"D\u00e9couvrez notre solvant de nettoyage puissant et \u00e9cologique, id\u00e9al pour \u00e9liminer les salissures tenaces sur diverses surfaces.","breadcrumb":{"@id":"https:\/\/absolute-magnitude.com\/produit\/eraser-spray-solvant-nettoyage\/#breadcrumb"},"inLanguage":"en-GB","potentialAction":[{"@type":"ReadAction","target":["https:\/\/absolute-magnitude.com\/produit\/eraser-spray-solvant-nettoyage\/"]}]},{"@type":"ImageObject","inLanguage":"en-GB","@id":"https:\/\/absolute-magnitude.com\/produit\/eraser-spray-solvant-nettoyage\/#primaryimage","url":"https:\/\/absolute-magnitude.com\/wp-content\/uploads\/2025\/01\/Eraser-S-F.png","contentUrl":"https:\/\/absolute-magnitude.com\/wp-content\/uploads\/2025\/01\/Eraser-S-F.png","width":1080,"height":1080,"caption":"Eraser Spray Solvant-\u00e9cologique"},{"@type":"BreadcrumbList","@id":"https:\/\/absolute-magnitude.com\/produit\/eraser-spray-solvant-nettoyage\/#breadcrumb","itemListElement":[{"@type":"ListItem","position":1,"name":"Accueil","item":"https:\/\/absolute-magnitude.com\/"},{"@type":"ListItem","position":2,"name":"Produits de nettoyage","item":"https:\/\/absolute-magnitude.com\/produit-nettoyage\/"},{"@type":"ListItem","position":3,"name":"Eraser Spray"}]},{"@type":"WebSite","@id":"https:\/\/absolute-magnitude.com\/#website","url":"https:\/\/absolute-magnitude.com\/","name":"Absolute magnitude","description":"","potentialAction":[{"@type":"SearchAction","target":{"@type":"EntryPoint","urlTemplate":"https:\/\/absolute-magnitude.com\/?s={search_term_string}"},"query-input":{"@type":"PropertyValueSpecification","valueRequired":true,"valueName":"search_term_string"}}],"inLanguage":"en-GB"}]}},"_links":{"self":[{"href":"https:\/\/absolute-magnitude.com\/en\/wp-json\/wp\/v2\/product\/72","targetHints":{"allow":["GET"]}}],"collection":[{"href":"https:\/\/absolute-magnitude.com\/en\/wp-json\/wp\/v2\/product"}],"about":[{"href":"https:\/\/absolute-magnitude.com\/en\/wp-json\/wp\/v2\/types\/product"}],"replies":[{"embeddable":true,"href":"https:\/\/absolute-magnitude.com\/en\/wp-json\/wp\/v2\/comments?post=72"}],"wp:featuredmedia":[{"embeddable":true,"href":"https:\/\/absolute-magnitude.com\/en\/wp-json\/wp\/v2\/media\/2155"}],"wp:attachment":[{"href":"https:\/\/absolute-magnitude.com\/en\/wp-json\/wp\/v2\/media?parent=72"}],"wp:term":[{"taxonomy":"product_brand","embeddable":true,"href":"https:\/\/absolute-magnitude.com\/en\/wp-json\/wp\/v2\/product_brand?post=72"},{"taxonomy":"product_cat","embeddable":true,"href":"https:\/\/absolute-magnitude.com\/en\/wp-json\/wp\/v2\/product_cat?post=72"},{"taxonomy":"product_tag","embeddable":true,"href":"https:\/\/absolute-magnitude.com\/en\/wp-json\/wp\/v2\/product_tag?post=72"}],"curies":[{"name":"wp","href":"https:\/\/api.w.org\/{rel}","templated":true}]}}