{"id":70,"date":"2024-06-18T09:11:34","date_gmt":"2024-06-18T07:11:34","guid":{"rendered":"https:\/\/dev.absolute-magnitude.com\/?post_type=product&#038;p=70"},"modified":"2025-04-10T11:22:20","modified_gmt":"2025-04-10T09:22:20","slug":"hpc-2-0-revetement-protection","status":"publish","type":"product","link":"https:\/\/absolute-magnitude.com\/en\/product\/hpc-2-0-revetement-protection\/","title":{"rendered":"HPC 2.0"},"content":{"rendered":"<h5>Base SI14 protective coating<\/h5>\n<p>HPC 2.0 silicon-based protective coating (SI14) is an innovative product designed to protect your surfaces. Thanks to its unique composition and neutral pH, it respects the integrity of materials. What's more, it contains no silicone, guaranteeing a safe and effective treatment.<\/p>\n<p>This protective coating offers an exceptional hydrophobic effect, preventing dirt from adhering to treated surfaces. As a result, the surface stays cleaner for longer. This treatment also provides increased resistance to alkaline and acid products, as well as UV A and B rays.<\/p>\n<p>In addition to its resistance, this coating protects against all types of dirt, providing an effective barrier against dust, moisture and unwanted residues. As a result, your surfaces stay impeccable for longer, reducing the frequency of cleaning required.<\/p>\n<p>The product also improves the aesthetic appearance of materials, adding an extra shine. After application, the surface becomes shinier, creating a smooth, polished finish.<\/p>\n<p>Thanks to its high-performance formula, this protective coating simplifies surface maintenance, while guaranteeing long-lasting protection. So it's a wise choice for extending the life of your materials.<\/p>\n<hr \/>\n<h5><span style=\"color: #ff6600;\">Instructions for use :<\/span><\/h5>\n<p><span style=\"color: #00ccff;\"><strong>Dilution:<\/strong><\/span><\/p>\n<p>Dilute to 5 % with clean water.<\/p>\n<p><span style=\"color: #00ccff;\"><strong>Application:<\/strong><\/span><\/p>\n<p>Clean the surface to remove all forms of contamination (organic and mineral)<\/p>\n<p>Spray the product on the surface to be treated, spread gently with a microfibre cloth, rinse with water then dry with a clean microfibre cloth.<\/p>\n<hr \/>\n<p><strong><span style=\"text-decoration: underline;\">Expert advice:<\/span><\/strong><\/p>\n<p><span style=\"font-weight: 300;\">The HPC range represents a \"system\". This means that the products work in synergy. We recommend the application of HPC 2.0 as a base and HPC 3.0 for the finish. The use of HPC 2.1 soap ensures that optimum protection is maintained.<\/span><\/p>","protected":false},"excerpt":{"rendered":"<p>Base SI14 protective coating<\/p>","protected":false},"featured_media":2187,"comment_status":"closed","ping_status":"closed","template":"","meta":{"inline_featured_image":false},"product_brand":[],"product_cat":[31],"product_tag":[],"class_list":{"0":"post-70","1":"product","2":"type-product","3":"status-publish","4":"has-post-thumbnail","6":"product_cat-hpc","8":"first","9":"instock","10":"taxable","11":"shipping-taxable","12":"purchasable","13":"product-type-simple"},"yoast_head":"<!-- This site is optimized with the Yoast SEO plugin v26.9 - https:\/\/yoast.com\/product\/yoast-seo-wordpress\/ -->\n<title>Rev\u00eatement de protection: HPC 2.0 - Absolute magnitude<\/title>\n<meta name=\"description\" content=\"Optez pour notre rev\u00eatement de protection haut de gamme, offrant une d\u00e9fense durable contre les \u00e9l\u00e9ments et pr\u00e9servant vos surfaces.\" \/>\n<meta name=\"robots\" content=\"index, follow, max-snippet:-1, max-image-preview:large, max-video-preview:-1\" \/>\n<link rel=\"canonical\" href=\"https:\/\/absolute-magnitude.com\/en\/product\/hpc-2-0-revetement-protection\/\" \/>\n<meta property=\"og:locale\" content=\"en_GB\" \/>\n<meta property=\"og:type\" content=\"article\" \/>\n<meta property=\"og:title\" content=\"Rev\u00eatement de protection: HPC 2.0 - Absolute magnitude\" \/>\n<meta property=\"og:description\" content=\"Optez pour notre rev\u00eatement de protection haut de gamme, offrant une d\u00e9fense durable contre les \u00e9l\u00e9ments et pr\u00e9servant vos surfaces.\" \/>\n<meta property=\"og:url\" content=\"https:\/\/absolute-magnitude.com\/en\/product\/hpc-2-0-revetement-protection\/\" \/>\n<meta property=\"og:site_name\" content=\"Absolute magnitude\" \/>\n<meta property=\"article:modified_time\" content=\"2025-04-10T09:22:20+00:00\" \/>\n<meta property=\"og:image\" content=\"https:\/\/absolute-magnitude.com\/wp-content\/uploads\/2024\/06\/HPC-2.0-F.png\" \/>\n\t<meta property=\"og:image:width\" content=\"1080\" \/>\n\t<meta property=\"og:image:height\" content=\"1080\" \/>\n\t<meta property=\"og:image:type\" content=\"image\/png\" \/>\n<meta name=\"twitter:card\" content=\"summary_large_image\" \/>\n<meta name=\"twitter:label1\" content=\"Estimated reading time\" \/>\n\t<meta name=\"twitter:data1\" content=\"2 minutes\" \/>\n<script type=\"application\/ld+json\" class=\"yoast-schema-graph\">{\"@context\":\"https:\/\/schema.org\",\"@graph\":[{\"@type\":\"WebPage\",\"@id\":\"https:\/\/absolute-magnitude.com\/produit\/hpc-2-0-revetement-protection\/\",\"url\":\"https:\/\/absolute-magnitude.com\/produit\/hpc-2-0-revetement-protection\/\",\"name\":\"Rev\u00eatement de protection: HPC 2.0 - Absolute magnitude\",\"isPartOf\":{\"@id\":\"https:\/\/absolute-magnitude.com\/#website\"},\"primaryImageOfPage\":{\"@id\":\"https:\/\/absolute-magnitude.com\/produit\/hpc-2-0-revetement-protection\/#primaryimage\"},\"image\":{\"@id\":\"https:\/\/absolute-magnitude.com\/produit\/hpc-2-0-revetement-protection\/#primaryimage\"},\"thumbnailUrl\":\"https:\/\/absolute-magnitude.com\/wp-content\/uploads\/2024\/06\/HPC-2.0-F.png\",\"datePublished\":\"2024-06-18T07:11:34+00:00\",\"dateModified\":\"2025-04-10T09:22:20+00:00\",\"description\":\"Optez pour notre rev\u00eatement de protection haut de gamme, offrant une d\u00e9fense durable contre les \u00e9l\u00e9ments et pr\u00e9servant vos surfaces.\",\"breadcrumb\":{\"@id\":\"https:\/\/absolute-magnitude.com\/produit\/hpc-2-0-revetement-protection\/#breadcrumb\"},\"inLanguage\":\"en-GB\",\"potentialAction\":[{\"@type\":\"ReadAction\",\"target\":[\"https:\/\/absolute-magnitude.com\/produit\/hpc-2-0-revetement-protection\/\"]}]},{\"@type\":\"ImageObject\",\"inLanguage\":\"en-GB\",\"@id\":\"https:\/\/absolute-magnitude.com\/produit\/hpc-2-0-revetement-protection\/#primaryimage\",\"url\":\"https:\/\/absolute-magnitude.com\/wp-content\/uploads\/2024\/06\/HPC-2.0-F.png\",\"contentUrl\":\"https:\/\/absolute-magnitude.com\/wp-content\/uploads\/2024\/06\/HPC-2.0-F.png\",\"width\":1080,\"height\":1080,\"caption\":\"Base-revetement-de-protection\"},{\"@type\":\"BreadcrumbList\",\"@id\":\"https:\/\/absolute-magnitude.com\/produit\/hpc-2-0-revetement-protection\/#breadcrumb\",\"itemListElement\":[{\"@type\":\"ListItem\",\"position\":1,\"name\":\"Accueil\",\"item\":\"https:\/\/absolute-magnitude.com\/\"},{\"@type\":\"ListItem\",\"position\":2,\"name\":\"Produits de nettoyage\",\"item\":\"https:\/\/absolute-magnitude.com\/produit-nettoyage\/\"},{\"@type\":\"ListItem\",\"position\":3,\"name\":\"HPC 2.0\"}]},{\"@type\":\"WebSite\",\"@id\":\"https:\/\/absolute-magnitude.com\/#website\",\"url\":\"https:\/\/absolute-magnitude.com\/\",\"name\":\"Absolute magnitude\",\"description\":\"\",\"potentialAction\":[{\"@type\":\"SearchAction\",\"target\":{\"@type\":\"EntryPoint\",\"urlTemplate\":\"https:\/\/absolute-magnitude.com\/?s={search_term_string}\"},\"query-input\":{\"@type\":\"PropertyValueSpecification\",\"valueRequired\":true,\"valueName\":\"search_term_string\"}}],\"inLanguage\":\"en-GB\"}]}<\/script>\n<!-- \/ Yoast SEO plugin. -->","yoast_head_json":{"title":"Rev\u00eatement de protection: HPC 2.0 - Absolute magnitude","description":"Optez pour notre rev\u00eatement de protection haut de gamme, offrant une d\u00e9fense durable contre les \u00e9l\u00e9ments et pr\u00e9servant vos surfaces.","robots":{"index":"index","follow":"follow","max-snippet":"max-snippet:-1","max-image-preview":"max-image-preview:large","max-video-preview":"max-video-preview:-1"},"canonical":"https:\/\/absolute-magnitude.com\/en\/product\/hpc-2-0-revetement-protection\/","og_locale":"en_GB","og_type":"article","og_title":"Rev\u00eatement de protection: HPC 2.0 - Absolute magnitude","og_description":"Optez pour notre rev\u00eatement de protection haut de gamme, offrant une d\u00e9fense durable contre les \u00e9l\u00e9ments et pr\u00e9servant vos surfaces.","og_url":"https:\/\/absolute-magnitude.com\/en\/product\/hpc-2-0-revetement-protection\/","og_site_name":"Absolute magnitude","article_modified_time":"2025-04-10T09:22:20+00:00","og_image":[{"width":1080,"height":1080,"url":"https:\/\/absolute-magnitude.com\/wp-content\/uploads\/2024\/06\/HPC-2.0-F.png","type":"image\/png"}],"twitter_card":"summary_large_image","twitter_misc":{"Estimated reading time":"2 minutes"},"schema":{"@context":"https:\/\/schema.org","@graph":[{"@type":"WebPage","@id":"https:\/\/absolute-magnitude.com\/produit\/hpc-2-0-revetement-protection\/","url":"https:\/\/absolute-magnitude.com\/produit\/hpc-2-0-revetement-protection\/","name":"Rev\u00eatement de protection: HPC 2.0 - Absolute magnitude","isPartOf":{"@id":"https:\/\/absolute-magnitude.com\/#website"},"primaryImageOfPage":{"@id":"https:\/\/absolute-magnitude.com\/produit\/hpc-2-0-revetement-protection\/#primaryimage"},"image":{"@id":"https:\/\/absolute-magnitude.com\/produit\/hpc-2-0-revetement-protection\/#primaryimage"},"thumbnailUrl":"https:\/\/absolute-magnitude.com\/wp-content\/uploads\/2024\/06\/HPC-2.0-F.png","datePublished":"2024-06-18T07:11:34+00:00","dateModified":"2025-04-10T09:22:20+00:00","description":"Optez pour notre rev\u00eatement de protection haut de gamme, offrant une d\u00e9fense durable contre les \u00e9l\u00e9ments et pr\u00e9servant vos surfaces.","breadcrumb":{"@id":"https:\/\/absolute-magnitude.com\/produit\/hpc-2-0-revetement-protection\/#breadcrumb"},"inLanguage":"en-GB","potentialAction":[{"@type":"ReadAction","target":["https:\/\/absolute-magnitude.com\/produit\/hpc-2-0-revetement-protection\/"]}]},{"@type":"ImageObject","inLanguage":"en-GB","@id":"https:\/\/absolute-magnitude.com\/produit\/hpc-2-0-revetement-protection\/#primaryimage","url":"https:\/\/absolute-magnitude.com\/wp-content\/uploads\/2024\/06\/HPC-2.0-F.png","contentUrl":"https:\/\/absolute-magnitude.com\/wp-content\/uploads\/2024\/06\/HPC-2.0-F.png","width":1080,"height":1080,"caption":"Base-revetement-de-protection"},{"@type":"BreadcrumbList","@id":"https:\/\/absolute-magnitude.com\/produit\/hpc-2-0-revetement-protection\/#breadcrumb","itemListElement":[{"@type":"ListItem","position":1,"name":"Accueil","item":"https:\/\/absolute-magnitude.com\/"},{"@type":"ListItem","position":2,"name":"Produits de nettoyage","item":"https:\/\/absolute-magnitude.com\/produit-nettoyage\/"},{"@type":"ListItem","position":3,"name":"HPC 2.0"}]},{"@type":"WebSite","@id":"https:\/\/absolute-magnitude.com\/#website","url":"https:\/\/absolute-magnitude.com\/","name":"Absolute magnitude","description":"","potentialAction":[{"@type":"SearchAction","target":{"@type":"EntryPoint","urlTemplate":"https:\/\/absolute-magnitude.com\/?s={search_term_string}"},"query-input":{"@type":"PropertyValueSpecification","valueRequired":true,"valueName":"search_term_string"}}],"inLanguage":"en-GB"}]}},"_links":{"self":[{"href":"https:\/\/absolute-magnitude.com\/en\/wp-json\/wp\/v2\/product\/70","targetHints":{"allow":["GET"]}}],"collection":[{"href":"https:\/\/absolute-magnitude.com\/en\/wp-json\/wp\/v2\/product"}],"about":[{"href":"https:\/\/absolute-magnitude.com\/en\/wp-json\/wp\/v2\/types\/product"}],"replies":[{"embeddable":true,"href":"https:\/\/absolute-magnitude.com\/en\/wp-json\/wp\/v2\/comments?post=70"}],"wp:featuredmedia":[{"embeddable":true,"href":"https:\/\/absolute-magnitude.com\/en\/wp-json\/wp\/v2\/media\/2187"}],"wp:attachment":[{"href":"https:\/\/absolute-magnitude.com\/en\/wp-json\/wp\/v2\/media?parent=70"}],"wp:term":[{"taxonomy":"product_brand","embeddable":true,"href":"https:\/\/absolute-magnitude.com\/en\/wp-json\/wp\/v2\/product_brand?post=70"},{"taxonomy":"product_cat","embeddable":true,"href":"https:\/\/absolute-magnitude.com\/en\/wp-json\/wp\/v2\/product_cat?post=70"},{"taxonomy":"product_tag","embeddable":true,"href":"https:\/\/absolute-magnitude.com\/en\/wp-json\/wp\/v2\/product_tag?post=70"}],"curies":[{"name":"wp","href":"https:\/\/api.w.org\/{rel}","templated":true}]}}