{"id":133,"date":"2024-11-25T09:12:22","date_gmt":"2024-11-25T08:12:22","guid":{"rendered":"https:\/\/dev.absolute-magnitude.com\/?post_type=product&#038;p=133"},"modified":"2025-07-23T01:00:02","modified_gmt":"2025-07-22T23:00:02","slug":"eco-paste-pate-nettoyante","status":"publish","type":"product","link":"https:\/\/absolute-magnitude.com\/en\/product\/eco-paste-pate-nettoyante\/","title":{"rendered":"Eco Paste"},"content":{"rendered":"<div class=\"flex max-w-full flex-col flex-grow\">\n<div class=\"min-h-8 text-message flex w-full flex-col items-end gap-2 whitespace-normal break-words [.text-message+&amp;]:mt-5\" dir=\"auto\" data-message-author-role=\"assistant\" data-message-id=\"c581db73-3595-4f12-ab31-c1ccad212d22\" data-message-model-slug=\"gpt-4o\">\n<div class=\"flex w-full flex-col gap-1 empty:hidden first:pt-[3px]\">\n<div class=\"markdown prose w-full break-words dark:prose-invert light\">\n<div class=\"flex max-w-full flex-col flex-grow\">\n<div class=\"min-h-8 text-message flex w-full flex-col items-end gap-2 whitespace-normal break-words [.text-message+&amp;]:mt-5\" dir=\"auto\" data-message-author-role=\"assistant\" data-message-id=\"da5bc9e6-93a0-41ba-b645-b138e762d8e7\" data-message-model-slug=\"gpt-4o\">\n<div class=\"flex w-full flex-col gap-1 empty:hidden first:pt-[3px]\">\n<div class=\"markdown prose w-full break-words dark:prose-invert light\">\n<div class=\"flex max-w-full flex-col flex-grow\">\n<div class=\"min-h-8 text-message flex w-full flex-col items-end gap-2 whitespace-normal break-words [.text-message+&amp;]:mt-5\" dir=\"auto\" data-message-author-role=\"assistant\" data-message-id=\"e5c9be5e-bcbc-43de-862e-a0a32696248d\" data-message-model-slug=\"gpt-4o\">\n<div class=\"flex w-full flex-col gap-1 empty:hidden first:pt-[3px]\">\n<div class=\"markdown prose w-full break-words dark:prose-invert light\">\n<div class=\"flex max-w-full flex-col flex-grow\">\n<div class=\"min-h-8 text-message flex w-full flex-col items-end gap-2 whitespace-normal break-words [.text-message+&amp;]:mt-5\" dir=\"auto\" data-message-author-role=\"assistant\" data-message-id=\"da5bc9e6-93a0-41ba-b645-b138e762d8e7\" data-message-model-slug=\"gpt-4o\">\n<div class=\"flex w-full flex-col gap-1 empty:hidden first:pt-[3px]\">\n<div class=\"markdown prose w-full break-words dark:prose-invert light\">\n<div class=\"flex max-w-full flex-col flex-grow\">\n<div class=\"min-h-8 text-message flex w-full flex-col items-end gap-2 whitespace-normal break-words [.text-message+&amp;]:mt-5\" dir=\"auto\" data-message-author-role=\"assistant\" data-message-id=\"c581db73-3595-4f12-ab31-c1ccad212d22\" data-message-model-slug=\"gpt-4o\">\n<div class=\"flex w-full flex-col gap-1 empty:hidden first:pt-[3px]\">\n<div class=\"markdown prose w-full break-words dark:prose-invert light\">\n<p><strong>Eco Paste<\/strong> is an ecological multi-surface cleaning paste, ideal for effective, environmentally-friendly cleaning. Formulated from plant-based raw materials, it is fully biodegradable and non-toxic, providing healthy cleaning without harmful substances. What's more, Eco Paste complies with MARPOL standards, underlining its commitment to protecting the marine environment.<\/p>\n<p>This cleaning paste is extremely versatile. It adapts perfectly to different types of dirt and surfaces without ever damaging them. Eco Paste is particularly effective on delicate surfaces such as RIB floats, hypalon, two-component body paints, Gelcoat and diamond-tipped anti-slip coatings. Thanks to its non-abrasive formula, it respects the integrity of even the most sensitive materials, such as boat upholstery, silicone seals, plastic, sky and leather.<\/p>\n<p>This paste is also suitable for domestic and outdoor use. It easily cleans garden furniture, PVC joinery and even the soles of white trainers. In just a few strokes, it restores the shine and cleanliness of these surfaces. To remove the most stubborn dirt, combine Eco Paste with a new-generation sponge that reinforces its action without scratching.<\/p>\n<p>By choosing Eco Paste, you're opting for a practical, pleasant product that's suitable for everyday use and safe for the environment. Its soft texture applies evenly, guaranteeing thorough cleaning and an impeccable finish on all types of materials.<\/p>\n<hr \/>\n<\/div>\n<\/div>\n<\/div>\n<\/div>\n<h5><span style=\"color: #ff6600;\">Mode<b> employment:<\/b><\/span><\/h5>\n<\/div>\n<\/div>\n<\/div>\n<\/div>\n<\/div>\n<\/div>\n<\/div>\n<\/div>\n<\/div>\n<\/div>\n<\/div>\n<\/div>\n<\/div>\n<\/div>\n<\/div>\n<\/div>\n<ol>\n<li style=\"font-weight: 400;\" aria-level=\"1\"><span style=\"font-weight: 400;\">Wet the sponge provided.\u00a0<\/span><\/li>\n<li style=\"font-weight: 400;\" aria-level=\"1\"><span style=\"font-weight: 400;\">Scrub the surface with a sponge\u00a0<\/span><\/li>\n<li style=\"font-weight: 400;\" aria-level=\"1\"><span style=\"font-weight: 400;\">Rinse the sponge with water and wipe off any excess product.<\/span><\/li>\n<li style=\"font-weight: 400;\" aria-level=\"1\"><span style=\"font-weight: 400;\">Dry the surface with a clean, dry microfibre cloth<\/span><\/li>\n<\/ol>","protected":false},"excerpt":{"rendered":"<p><span style=\"font-weight: 400;\">Ecological multi-surface cleaning paste<\/span><\/p>","protected":false},"featured_media":2162,"comment_status":"closed","ping_status":"closed","template":"","meta":{"inline_featured_image":false},"product_brand":[],"product_cat":[19],"product_tag":[],"class_list":{"0":"post-133","1":"product","2":"type-product","3":"status-publish","4":"has-post-thumbnail","6":"product_cat-cleaning-products","8":"first","9":"instock","10":"taxable","11":"shipping-taxable","12":"purchasable","13":"product-type-simple"},"yoast_head":"<!-- This site is optimized with the Yoast SEO plugin v26.9 - https:\/\/yoast.com\/product\/yoast-seo-wordpress\/ -->\n<title>P\u00e2te nettoyante: Eco Paste - Absolute magnitude<\/title>\n<meta name=\"description\" content=\"Eco Paste, p\u00e2te nettoyante 100% biod\u00e9gradable. Efficace et \u00e9cologique, pour un nettoyage en profondeur respectueux de l\u2019environnement !\" \/>\n<meta name=\"robots\" content=\"index, follow, max-snippet:-1, max-image-preview:large, max-video-preview:-1\" \/>\n<link rel=\"canonical\" href=\"https:\/\/absolute-magnitude.com\/en\/product\/eco-paste-pate-nettoyante\/\" \/>\n<meta property=\"og:locale\" content=\"en_GB\" \/>\n<meta property=\"og:type\" content=\"article\" \/>\n<meta property=\"og:title\" content=\"P\u00e2te nettoyante: Eco Paste - Absolute magnitude\" \/>\n<meta property=\"og:description\" content=\"Eco Paste, p\u00e2te nettoyante 100% biod\u00e9gradable. Efficace et \u00e9cologique, pour un nettoyage en profondeur respectueux de l\u2019environnement !\" \/>\n<meta property=\"og:url\" content=\"https:\/\/absolute-magnitude.com\/en\/product\/eco-paste-pate-nettoyante\/\" \/>\n<meta property=\"og:site_name\" content=\"Absolute magnitude\" \/>\n<meta property=\"article:modified_time\" content=\"2025-07-22T23:00:02+00:00\" \/>\n<meta property=\"og:image\" content=\"https:\/\/absolute-magnitude.com\/wp-content\/uploads\/2025\/01\/EW5-F-3.png\" \/>\n\t<meta property=\"og:image:width\" content=\"1080\" \/>\n\t<meta property=\"og:image:height\" content=\"1080\" \/>\n\t<meta property=\"og:image:type\" content=\"image\/png\" \/>\n<meta name=\"twitter:card\" content=\"summary_large_image\" \/>\n<meta name=\"twitter:label1\" content=\"Estimated reading time\" \/>\n\t<meta name=\"twitter:data1\" content=\"2 minutes\" \/>\n<script type=\"application\/ld+json\" class=\"yoast-schema-graph\">{\"@context\":\"https:\/\/schema.org\",\"@graph\":[{\"@type\":\"WebPage\",\"@id\":\"https:\/\/absolute-magnitude.com\/produit\/eco-paste-pate-nettoyante\/\",\"url\":\"https:\/\/absolute-magnitude.com\/produit\/eco-paste-pate-nettoyante\/\",\"name\":\"P\u00e2te nettoyante: Eco Paste - Absolute magnitude\",\"isPartOf\":{\"@id\":\"https:\/\/absolute-magnitude.com\/#website\"},\"primaryImageOfPage\":{\"@id\":\"https:\/\/absolute-magnitude.com\/produit\/eco-paste-pate-nettoyante\/#primaryimage\"},\"image\":{\"@id\":\"https:\/\/absolute-magnitude.com\/produit\/eco-paste-pate-nettoyante\/#primaryimage\"},\"thumbnailUrl\":\"https:\/\/absolute-magnitude.com\/wp-content\/uploads\/2025\/01\/EW5-F-3.png\",\"datePublished\":\"2024-11-25T08:12:22+00:00\",\"dateModified\":\"2025-07-22T23:00:02+00:00\",\"description\":\"Eco Paste, p\u00e2te nettoyante 100% biod\u00e9gradable. Efficace et \u00e9cologique, pour un nettoyage en profondeur respectueux de l\u2019environnement !\",\"breadcrumb\":{\"@id\":\"https:\/\/absolute-magnitude.com\/produit\/eco-paste-pate-nettoyante\/#breadcrumb\"},\"inLanguage\":\"en-GB\",\"potentialAction\":[{\"@type\":\"ReadAction\",\"target\":[\"https:\/\/absolute-magnitude.com\/produit\/eco-paste-pate-nettoyante\/\"]}]},{\"@type\":\"ImageObject\",\"inLanguage\":\"en-GB\",\"@id\":\"https:\/\/absolute-magnitude.com\/produit\/eco-paste-pate-nettoyante\/#primaryimage\",\"url\":\"https:\/\/absolute-magnitude.com\/wp-content\/uploads\/2025\/01\/EW5-F-3.png\",\"contentUrl\":\"https:\/\/absolute-magnitude.com\/wp-content\/uploads\/2025\/01\/EW5-F-3.png\",\"width\":1080,\"height\":1080,\"caption\":\"Eco Paste\"},{\"@type\":\"BreadcrumbList\",\"@id\":\"https:\/\/absolute-magnitude.com\/produit\/eco-paste-pate-nettoyante\/#breadcrumb\",\"itemListElement\":[{\"@type\":\"ListItem\",\"position\":1,\"name\":\"Accueil\",\"item\":\"https:\/\/absolute-magnitude.com\/\"},{\"@type\":\"ListItem\",\"position\":2,\"name\":\"Produits de nettoyage\",\"item\":\"https:\/\/absolute-magnitude.com\/produit-nettoyage\/\"},{\"@type\":\"ListItem\",\"position\":3,\"name\":\"Eco Paste\"}]},{\"@type\":\"WebSite\",\"@id\":\"https:\/\/absolute-magnitude.com\/#website\",\"url\":\"https:\/\/absolute-magnitude.com\/\",\"name\":\"Absolute magnitude\",\"description\":\"\",\"potentialAction\":[{\"@type\":\"SearchAction\",\"target\":{\"@type\":\"EntryPoint\",\"urlTemplate\":\"https:\/\/absolute-magnitude.com\/?s={search_term_string}\"},\"query-input\":{\"@type\":\"PropertyValueSpecification\",\"valueRequired\":true,\"valueName\":\"search_term_string\"}}],\"inLanguage\":\"en-GB\"}]}<\/script>\n<!-- \/ Yoast SEO plugin. -->","yoast_head_json":{"title":"P\u00e2te nettoyante: Eco Paste - Absolute magnitude","description":"Eco Paste, p\u00e2te nettoyante 100% biod\u00e9gradable. Efficace et \u00e9cologique, pour un nettoyage en profondeur respectueux de l\u2019environnement !","robots":{"index":"index","follow":"follow","max-snippet":"max-snippet:-1","max-image-preview":"max-image-preview:large","max-video-preview":"max-video-preview:-1"},"canonical":"https:\/\/absolute-magnitude.com\/en\/product\/eco-paste-pate-nettoyante\/","og_locale":"en_GB","og_type":"article","og_title":"P\u00e2te nettoyante: Eco Paste - Absolute magnitude","og_description":"Eco Paste, p\u00e2te nettoyante 100% biod\u00e9gradable. Efficace et \u00e9cologique, pour un nettoyage en profondeur respectueux de l\u2019environnement !","og_url":"https:\/\/absolute-magnitude.com\/en\/product\/eco-paste-pate-nettoyante\/","og_site_name":"Absolute magnitude","article_modified_time":"2025-07-22T23:00:02+00:00","og_image":[{"width":1080,"height":1080,"url":"https:\/\/absolute-magnitude.com\/wp-content\/uploads\/2025\/01\/EW5-F-3.png","type":"image\/png"}],"twitter_card":"summary_large_image","twitter_misc":{"Estimated reading time":"2 minutes"},"schema":{"@context":"https:\/\/schema.org","@graph":[{"@type":"WebPage","@id":"https:\/\/absolute-magnitude.com\/produit\/eco-paste-pate-nettoyante\/","url":"https:\/\/absolute-magnitude.com\/produit\/eco-paste-pate-nettoyante\/","name":"P\u00e2te nettoyante: Eco Paste - Absolute magnitude","isPartOf":{"@id":"https:\/\/absolute-magnitude.com\/#website"},"primaryImageOfPage":{"@id":"https:\/\/absolute-magnitude.com\/produit\/eco-paste-pate-nettoyante\/#primaryimage"},"image":{"@id":"https:\/\/absolute-magnitude.com\/produit\/eco-paste-pate-nettoyante\/#primaryimage"},"thumbnailUrl":"https:\/\/absolute-magnitude.com\/wp-content\/uploads\/2025\/01\/EW5-F-3.png","datePublished":"2024-11-25T08:12:22+00:00","dateModified":"2025-07-22T23:00:02+00:00","description":"Eco Paste, p\u00e2te nettoyante 100% biod\u00e9gradable. Efficace et \u00e9cologique, pour un nettoyage en profondeur respectueux de l\u2019environnement !","breadcrumb":{"@id":"https:\/\/absolute-magnitude.com\/produit\/eco-paste-pate-nettoyante\/#breadcrumb"},"inLanguage":"en-GB","potentialAction":[{"@type":"ReadAction","target":["https:\/\/absolute-magnitude.com\/produit\/eco-paste-pate-nettoyante\/"]}]},{"@type":"ImageObject","inLanguage":"en-GB","@id":"https:\/\/absolute-magnitude.com\/produit\/eco-paste-pate-nettoyante\/#primaryimage","url":"https:\/\/absolute-magnitude.com\/wp-content\/uploads\/2025\/01\/EW5-F-3.png","contentUrl":"https:\/\/absolute-magnitude.com\/wp-content\/uploads\/2025\/01\/EW5-F-3.png","width":1080,"height":1080,"caption":"Eco Paste"},{"@type":"BreadcrumbList","@id":"https:\/\/absolute-magnitude.com\/produit\/eco-paste-pate-nettoyante\/#breadcrumb","itemListElement":[{"@type":"ListItem","position":1,"name":"Accueil","item":"https:\/\/absolute-magnitude.com\/"},{"@type":"ListItem","position":2,"name":"Produits de nettoyage","item":"https:\/\/absolute-magnitude.com\/produit-nettoyage\/"},{"@type":"ListItem","position":3,"name":"Eco Paste"}]},{"@type":"WebSite","@id":"https:\/\/absolute-magnitude.com\/#website","url":"https:\/\/absolute-magnitude.com\/","name":"Absolute magnitude","description":"","potentialAction":[{"@type":"SearchAction","target":{"@type":"EntryPoint","urlTemplate":"https:\/\/absolute-magnitude.com\/?s={search_term_string}"},"query-input":{"@type":"PropertyValueSpecification","valueRequired":true,"valueName":"search_term_string"}}],"inLanguage":"en-GB"}]}},"_links":{"self":[{"href":"https:\/\/absolute-magnitude.com\/en\/wp-json\/wp\/v2\/product\/133","targetHints":{"allow":["GET"]}}],"collection":[{"href":"https:\/\/absolute-magnitude.com\/en\/wp-json\/wp\/v2\/product"}],"about":[{"href":"https:\/\/absolute-magnitude.com\/en\/wp-json\/wp\/v2\/types\/product"}],"replies":[{"embeddable":true,"href":"https:\/\/absolute-magnitude.com\/en\/wp-json\/wp\/v2\/comments?post=133"}],"wp:featuredmedia":[{"embeddable":true,"href":"https:\/\/absolute-magnitude.com\/en\/wp-json\/wp\/v2\/media\/2162"}],"wp:attachment":[{"href":"https:\/\/absolute-magnitude.com\/en\/wp-json\/wp\/v2\/media?parent=133"}],"wp:term":[{"taxonomy":"product_brand","embeddable":true,"href":"https:\/\/absolute-magnitude.com\/en\/wp-json\/wp\/v2\/product_brand?post=133"},{"taxonomy":"product_cat","embeddable":true,"href":"https:\/\/absolute-magnitude.com\/en\/wp-json\/wp\/v2\/product_cat?post=133"},{"taxonomy":"product_tag","embeddable":true,"href":"https:\/\/absolute-magnitude.com\/en\/wp-json\/wp\/v2\/product_tag?post=133"}],"curies":[{"name":"wp","href":"https:\/\/api.w.org\/{rel}","templated":true}]}}